{"id":385,"date":"2023-05-18T05:40:32","date_gmt":"2023-05-18T05:40:32","guid":{"rendered":"http:\/\/rivieramayahotspots.com\/product\/naia-tulum-5\/"},"modified":"2023-05-18T05:40:32","modified_gmt":"2023-05-18T05:40:32","slug":"naia-tulum-5","status":"publish","type":"product","link":"https:\/\/rivieramayahotspots.com\/es\/producto\/naia-tulum-5\/","title":{"rendered":"Naia Tulum"},"content":{"rendered":"<div class=\"page\" title=\"P\u00e1gina 4\">\n<div class=\"section\">\n<div class=\"layoutArea\">\n<div class=\"column\">\n<p>En medio de la selva tropical se encuentra Tulum, nuestro hogar. Naia est\u00e1 a solo minutos de la costa y de todas las incre\u00edbles atracciones naturales, arqueol\u00f3gicas y tur\u00edsticas que ofrece este lugar.<\/p>\n<\/div>\n<\/div>\n<\/div>\n<\/div>","protected":false},"excerpt":{"rendered":"<p>En medio de la selva tropical se encuentra Tulum, nuestro hogar. Naia est\u00e1 a solo minutos de la costa y de todas las incre\u00edbles atracciones naturales, arqueol\u00f3gicas y tur\u00edsticas que ofrece este lugar.<\/p>","protected":false},"featured_media":0,"comment_status":"open","ping_status":"closed","template":"","meta":[],"product_brand":[],"product_cat":[21],"product_tag":[],"class_list":{"0":"post-385","1":"product","2":"type-product","3":"status-publish","5":"product_cat-listeo-booking","7":"first","8":"instock","9":"downloadable","10":"virtual","11":"sold-individually","12":"purchasable","13":"product-type-listing_booking"},"yoast_head":"<!-- This site is optimized with the Yoast SEO plugin v27.5 - https:\/\/yoast.com\/product\/yoast-seo-wordpress\/ -->\n<title>Naia Tulum - RiveraMayaHotSpots<\/title>\n<meta name=\"robots\" content=\"index, follow, max-snippet:-1, max-image-preview:large, max-video-preview:-1\" \/>\n<link rel=\"canonical\" href=\"https:\/\/rivieramayahotspots.com\/es\/producto\/naia-tulum-5\/\" \/>\n<meta property=\"og:locale\" content=\"es_ES\" \/>\n<meta property=\"og:type\" content=\"article\" \/>\n<meta property=\"og:title\" content=\"Naia Tulum - RiveraMayaHotSpots\" \/>\n<meta property=\"og:description\" content=\"In the middle of the tropical jungle you can find Tulum, our home. Naia is only minutes away from the coast and all the incredible natural, archaeological and tourist attractions this place has to offer.\" \/>\n<meta property=\"og:url\" content=\"https:\/\/rivieramayahotspots.com\/es\/producto\/naia-tulum-5\/\" \/>\n<meta property=\"og:site_name\" content=\"RiveraMayaHotSpots\" \/>\n<meta name=\"twitter:card\" content=\"summary_large_image\" \/>\n<script type=\"application\/ld+json\" class=\"yoast-schema-graph\">{\"@context\":\"https:\\\/\\\/schema.org\",\"@graph\":[{\"@type\":\"WebPage\",\"@id\":\"https:\\\/\\\/rivieramayahotspots.com\\\/es\\\/producto\\\/naia-tulum-5\\\/\",\"url\":\"https:\\\/\\\/rivieramayahotspots.com\\\/es\\\/producto\\\/naia-tulum-5\\\/\",\"name\":\"Naia Tulum - RiveraMayaHotSpots\",\"isPartOf\":{\"@id\":\"https:\\\/\\\/blue-manatee-729947.hostingersite.com\\\/#website\"},\"datePublished\":\"2023-05-18T05:40:32+00:00\",\"breadcrumb\":{\"@id\":\"https:\\\/\\\/rivieramayahotspots.com\\\/es\\\/producto\\\/naia-tulum-5\\\/#breadcrumb\"},\"inLanguage\":\"es\",\"potentialAction\":[{\"@type\":\"ReadAction\",\"target\":[\"https:\\\/\\\/rivieramayahotspots.com\\\/es\\\/producto\\\/naia-tulum-5\\\/\"]}]},{\"@type\":\"BreadcrumbList\",\"@id\":\"https:\\\/\\\/rivieramayahotspots.com\\\/es\\\/producto\\\/naia-tulum-5\\\/#breadcrumb\",\"itemListElement\":[{\"@type\":\"ListItem\",\"position\":1,\"name\":\"Home\",\"item\":\"https:\\\/\\\/rivieramayahotspots.com\\\/\"},{\"@type\":\"ListItem\",\"position\":2,\"name\":\"Shop\",\"item\":\"https:\\\/\\\/rivieramayahotspots.com\\\/es\\\/comercio\\\/\"},{\"@type\":\"ListItem\",\"position\":3,\"name\":\"Naia Tulum\"}]},{\"@type\":\"WebSite\",\"@id\":\"https:\\\/\\\/blue-manatee-729947.hostingersite.com\\\/#website\",\"url\":\"https:\\\/\\\/blue-manatee-729947.hostingersite.com\\\/\",\"name\":\"RiveraMayaHotSpots\",\"description\":\"The #1 Guide\",\"potentialAction\":[{\"@type\":\"SearchAction\",\"target\":{\"@type\":\"EntryPoint\",\"urlTemplate\":\"https:\\\/\\\/blue-manatee-729947.hostingersite.com\\\/?s={search_term_string}\"},\"query-input\":{\"@type\":\"PropertyValueSpecification\",\"valueRequired\":true,\"valueName\":\"search_term_string\"}}],\"inLanguage\":\"es\"}]}<\/script>\n<!-- \/ Yoast SEO plugin. -->","yoast_head_json":{"title":"Naia Tulum - Lugares de inter\u00e9s de RiveraMaya","robots":{"index":"index","follow":"follow","max-snippet":"max-snippet:-1","max-image-preview":"max-image-preview:large","max-video-preview":"max-video-preview:-1"},"canonical":"https:\/\/rivieramayahotspots.com\/es\/producto\/naia-tulum-5\/","og_locale":"es_ES","og_type":"article","og_title":"Naia Tulum - RiveraMayaHotSpots","og_description":"In the middle of the tropical jungle you can find Tulum, our home. Naia is only minutes away from the coast and all the incredible natural, archaeological and tourist attractions this place has to offer.","og_url":"https:\/\/rivieramayahotspots.com\/es\/producto\/naia-tulum-5\/","og_site_name":"RiveraMayaHotSpots","twitter_card":"summary_large_image","schema":{"@context":"https:\/\/schema.org","@graph":[{"@type":"WebPage","@id":"https:\/\/rivieramayahotspots.com\/es\/producto\/naia-tulum-5\/","url":"https:\/\/rivieramayahotspots.com\/es\/producto\/naia-tulum-5\/","name":"Naia Tulum - Lugares de inter\u00e9s de RiveraMaya","isPartOf":{"@id":"https:\/\/blue-manatee-729947.hostingersite.com\/#website"},"datePublished":"2023-05-18T05:40:32+00:00","breadcrumb":{"@id":"https:\/\/rivieramayahotspots.com\/es\/producto\/naia-tulum-5\/#breadcrumb"},"inLanguage":"es","potentialAction":[{"@type":"ReadAction","target":["https:\/\/rivieramayahotspots.com\/es\/producto\/naia-tulum-5\/"]}]},{"@type":"BreadcrumbList","@id":"https:\/\/rivieramayahotspots.com\/es\/producto\/naia-tulum-5\/#breadcrumb","itemListElement":[{"@type":"ListItem","position":1,"name":"Home","item":"https:\/\/rivieramayahotspots.com\/"},{"@type":"ListItem","position":2,"name":"Shop","item":"https:\/\/rivieramayahotspots.com\/es\/comercio\/"},{"@type":"ListItem","position":3,"name":"Naia Tulum"}]},{"@type":"WebSite","@id":"https:\/\/blue-manatee-729947.hostingersite.com\/#website","url":"https:\/\/blue-manatee-729947.hostingersite.com\/","name":"Puntos de inter\u00e9s de RiveraMaya","description":"La gu\u00eda #1","potentialAction":[{"@type":"SearchAction","target":{"@type":"EntryPoint","urlTemplate":"https:\/\/blue-manatee-729947.hostingersite.com\/?s={search_term_string}"},"query-input":{"@type":"PropertyValueSpecification","valueRequired":true,"valueName":"search_term_string"}}],"inLanguage":"es"}]}},"_links":{"self":[{"href":"https:\/\/rivieramayahotspots.com\/es\/wp-json\/wp\/v2\/product\/385","targetHints":{"allow":["GET"]}}],"collection":[{"href":"https:\/\/rivieramayahotspots.com\/es\/wp-json\/wp\/v2\/product"}],"about":[{"href":"https:\/\/rivieramayahotspots.com\/es\/wp-json\/wp\/v2\/types\/product"}],"replies":[{"embeddable":true,"href":"https:\/\/rivieramayahotspots.com\/es\/wp-json\/wp\/v2\/comments?post=385"}],"wp:attachment":[{"href":"https:\/\/rivieramayahotspots.com\/es\/wp-json\/wp\/v2\/media?parent=385"}],"wp:term":[{"taxonomy":"product_brand","embeddable":true,"href":"https:\/\/rivieramayahotspots.com\/es\/wp-json\/wp\/v2\/product_brand?post=385"},{"taxonomy":"product_cat","embeddable":true,"href":"https:\/\/rivieramayahotspots.com\/es\/wp-json\/wp\/v2\/product_cat?post=385"},{"taxonomy":"product_tag","embeddable":true,"href":"https:\/\/rivieramayahotspots.com\/es\/wp-json\/wp\/v2\/product_tag?post=385"}],"curies":[{"name":"wp","href":"https:\/\/api.w.org\/{rel}","templated":true}]}}