{"id":141,"date":"2021-10-13T21:25:33","date_gmt":"2021-10-13T21:25:33","guid":{"rendered":"https:\/\/wordpress-722045-2402992.cloudwaysapps.com\/?post_type=product&#038;p=356"},"modified":"2021-10-13T21:25:33","modified_gmt":"2021-10-13T21:25:33","slug":"taza-de-ceramica-hecha-a-mano","status":"publish","type":"product","link":"https:\/\/rivieramayahotspots.com\/es\/producto\/taza-de-ceramica-hecha-a-mano\/","title":{"rendered":"Taza de cer\u00e1mica hecha a mano"},"content":{"rendered":"<p>Esta exclusiva taza de t\u00e9 o caf\u00e9 est\u00e1 hecha de arcilla oscura y esmaltada en estilo r\u00fastico.<\/p>","protected":false},"excerpt":{"rendered":"<p>Esta exclusiva taza de t\u00e9 o caf\u00e9 est\u00e1 hecha de arcilla oscura y esmaltada en estilo r\u00fastico.<\/p>","protected":false},"featured_media":25,"comment_status":"open","ping_status":"closed","template":"","meta":[],"product_brand":[],"product_cat":[48,51],"product_tag":[],"class_list":{"0":"post-141","1":"product","2":"type-product","3":"status-publish","4":"has-post-thumbnail","6":"product_cat-gadgets","7":"product_cat-kitchen","9":"first","10":"instock","11":"shipping-taxable","12":"purchasable","13":"product-type-simple"},"yoast_head":"<!-- This site is optimized with the Yoast SEO plugin v27.4 - https:\/\/yoast.com\/product\/yoast-seo-wordpress\/ -->\n<title>Handmade Ceramic Mug - RiveraMayaHotSpots<\/title>\n<meta name=\"robots\" content=\"index, follow, max-snippet:-1, max-image-preview:large, max-video-preview:-1\" \/>\n<link rel=\"canonical\" href=\"https:\/\/rivieramayahotspots.com\/es\/producto\/taza-de-ceramica-hecha-a-mano\/\" \/>\n<meta property=\"og:locale\" content=\"es_ES\" \/>\n<meta property=\"og:type\" content=\"article\" \/>\n<meta property=\"og:title\" content=\"Handmade Ceramic Mug - RiveraMayaHotSpots\" \/>\n<meta property=\"og:description\" content=\"These unique tea or coffee cup is made of dark clay, and glazed in farmhouse.\" \/>\n<meta property=\"og:url\" content=\"https:\/\/rivieramayahotspots.com\/es\/producto\/taza-de-ceramica-hecha-a-mano\/\" \/>\n<meta property=\"og:site_name\" content=\"RiveraMayaHotSpots\" \/>\n<meta property=\"og:image\" content=\"https:\/\/rivieramayahotspots.com\/wp-content\/uploads\/2020\/11\/2437183.jpg\" \/>\n\t<meta property=\"og:image:width\" content=\"800\" \/>\n\t<meta property=\"og:image:height\" content=\"1200\" \/>\n\t<meta property=\"og:image:type\" content=\"image\/jpeg\" \/>\n<meta name=\"twitter:card\" content=\"summary_large_image\" \/>\n<script type=\"application\/ld+json\" class=\"yoast-schema-graph\">{\"@context\":\"https:\\\/\\\/schema.org\",\"@graph\":[{\"@type\":\"WebPage\",\"@id\":\"https:\\\/\\\/rivieramayahotspots.com\\\/es\\\/producto\\\/taza-de-ceramica-hecha-a-mano\\\/\",\"url\":\"https:\\\/\\\/rivieramayahotspots.com\\\/es\\\/producto\\\/taza-de-ceramica-hecha-a-mano\\\/\",\"name\":\"Handmade Ceramic Mug - RiveraMayaHotSpots\",\"isPartOf\":{\"@id\":\"https:\\\/\\\/blue-manatee-729947.hostingersite.com\\\/#website\"},\"primaryImageOfPage\":{\"@id\":\"https:\\\/\\\/rivieramayahotspots.com\\\/es\\\/producto\\\/taza-de-ceramica-hecha-a-mano\\\/#primaryimage\"},\"image\":{\"@id\":\"https:\\\/\\\/rivieramayahotspots.com\\\/es\\\/producto\\\/taza-de-ceramica-hecha-a-mano\\\/#primaryimage\"},\"thumbnailUrl\":\"https:\\\/\\\/rivieramayahotspots.com\\\/wp-content\\\/uploads\\\/2020\\\/11\\\/2437183.jpg\",\"datePublished\":\"2021-10-13T21:25:33+00:00\",\"breadcrumb\":{\"@id\":\"https:\\\/\\\/rivieramayahotspots.com\\\/es\\\/producto\\\/taza-de-ceramica-hecha-a-mano\\\/#breadcrumb\"},\"inLanguage\":\"es\",\"potentialAction\":[{\"@type\":\"ReadAction\",\"target\":[\"https:\\\/\\\/rivieramayahotspots.com\\\/es\\\/producto\\\/taza-de-ceramica-hecha-a-mano\\\/\"]}]},{\"@type\":\"ImageObject\",\"inLanguage\":\"es\",\"@id\":\"https:\\\/\\\/rivieramayahotspots.com\\\/es\\\/producto\\\/taza-de-ceramica-hecha-a-mano\\\/#primaryimage\",\"url\":\"https:\\\/\\\/rivieramayahotspots.com\\\/wp-content\\\/uploads\\\/2020\\\/11\\\/2437183.jpg\",\"contentUrl\":\"https:\\\/\\\/rivieramayahotspots.com\\\/wp-content\\\/uploads\\\/2020\\\/11\\\/2437183.jpg\",\"width\":800,\"height\":1200},{\"@type\":\"BreadcrumbList\",\"@id\":\"https:\\\/\\\/rivieramayahotspots.com\\\/es\\\/producto\\\/taza-de-ceramica-hecha-a-mano\\\/#breadcrumb\",\"itemListElement\":[{\"@type\":\"ListItem\",\"position\":1,\"name\":\"Home\",\"item\":\"https:\\\/\\\/rivieramayahotspots.com\\\/\"},{\"@type\":\"ListItem\",\"position\":2,\"name\":\"Shop\",\"item\":\"https:\\\/\\\/rivieramayahotspots.com\\\/es\\\/comercio\\\/\"},{\"@type\":\"ListItem\",\"position\":3,\"name\":\"Handmade Ceramic Mug\"}]},{\"@type\":\"WebSite\",\"@id\":\"https:\\\/\\\/blue-manatee-729947.hostingersite.com\\\/#website\",\"url\":\"https:\\\/\\\/blue-manatee-729947.hostingersite.com\\\/\",\"name\":\"RiveraMayaHotSpots\",\"description\":\"The #1 Guide\",\"potentialAction\":[{\"@type\":\"SearchAction\",\"target\":{\"@type\":\"EntryPoint\",\"urlTemplate\":\"https:\\\/\\\/blue-manatee-729947.hostingersite.com\\\/?s={search_term_string}\"},\"query-input\":{\"@type\":\"PropertyValueSpecification\",\"valueRequired\":true,\"valueName\":\"search_term_string\"}}],\"inLanguage\":\"es\"}]}<\/script>\n<!-- \/ Yoast SEO plugin. -->","yoast_head_json":{"title":"Taza de cer\u00e1mica hecha a mano - RiveraMayaHotSpots","robots":{"index":"index","follow":"follow","max-snippet":"max-snippet:-1","max-image-preview":"max-image-preview:large","max-video-preview":"max-video-preview:-1"},"canonical":"https:\/\/rivieramayahotspots.com\/es\/producto\/taza-de-ceramica-hecha-a-mano\/","og_locale":"es_ES","og_type":"article","og_title":"Handmade Ceramic Mug - RiveraMayaHotSpots","og_description":"These unique tea or coffee cup is made of dark clay, and glazed in farmhouse.","og_url":"https:\/\/rivieramayahotspots.com\/es\/producto\/taza-de-ceramica-hecha-a-mano\/","og_site_name":"RiveraMayaHotSpots","og_image":[{"width":800,"height":1200,"url":"https:\/\/rivieramayahotspots.com\/wp-content\/uploads\/2020\/11\/2437183.jpg","type":"image\/jpeg"}],"twitter_card":"summary_large_image","schema":{"@context":"https:\/\/schema.org","@graph":[{"@type":"WebPage","@id":"https:\/\/rivieramayahotspots.com\/es\/producto\/taza-de-ceramica-hecha-a-mano\/","url":"https:\/\/rivieramayahotspots.com\/es\/producto\/taza-de-ceramica-hecha-a-mano\/","name":"Taza de cer\u00e1mica hecha a mano - RiveraMayaHotSpots","isPartOf":{"@id":"https:\/\/blue-manatee-729947.hostingersite.com\/#website"},"primaryImageOfPage":{"@id":"https:\/\/rivieramayahotspots.com\/es\/producto\/taza-de-ceramica-hecha-a-mano\/#primaryimage"},"image":{"@id":"https:\/\/rivieramayahotspots.com\/es\/producto\/taza-de-ceramica-hecha-a-mano\/#primaryimage"},"thumbnailUrl":"https:\/\/rivieramayahotspots.com\/wp-content\/uploads\/2020\/11\/2437183.jpg","datePublished":"2021-10-13T21:25:33+00:00","breadcrumb":{"@id":"https:\/\/rivieramayahotspots.com\/es\/producto\/taza-de-ceramica-hecha-a-mano\/#breadcrumb"},"inLanguage":"es","potentialAction":[{"@type":"ReadAction","target":["https:\/\/rivieramayahotspots.com\/es\/producto\/taza-de-ceramica-hecha-a-mano\/"]}]},{"@type":"ImageObject","inLanguage":"es","@id":"https:\/\/rivieramayahotspots.com\/es\/producto\/taza-de-ceramica-hecha-a-mano\/#primaryimage","url":"https:\/\/rivieramayahotspots.com\/wp-content\/uploads\/2020\/11\/2437183.jpg","contentUrl":"https:\/\/rivieramayahotspots.com\/wp-content\/uploads\/2020\/11\/2437183.jpg","width":800,"height":1200},{"@type":"BreadcrumbList","@id":"https:\/\/rivieramayahotspots.com\/es\/producto\/taza-de-ceramica-hecha-a-mano\/#breadcrumb","itemListElement":[{"@type":"ListItem","position":1,"name":"Home","item":"https:\/\/rivieramayahotspots.com\/"},{"@type":"ListItem","position":2,"name":"Shop","item":"https:\/\/rivieramayahotspots.com\/es\/comercio\/"},{"@type":"ListItem","position":3,"name":"Handmade Ceramic Mug"}]},{"@type":"WebSite","@id":"https:\/\/blue-manatee-729947.hostingersite.com\/#website","url":"https:\/\/blue-manatee-729947.hostingersite.com\/","name":"Puntos de inter\u00e9s de RiveraMaya","description":"La gu\u00eda #1","potentialAction":[{"@type":"SearchAction","target":{"@type":"EntryPoint","urlTemplate":"https:\/\/blue-manatee-729947.hostingersite.com\/?s={search_term_string}"},"query-input":{"@type":"PropertyValueSpecification","valueRequired":true,"valueName":"search_term_string"}}],"inLanguage":"es"}]}},"_links":{"self":[{"href":"https:\/\/rivieramayahotspots.com\/es\/wp-json\/wp\/v2\/product\/141","targetHints":{"allow":["GET"]}}],"collection":[{"href":"https:\/\/rivieramayahotspots.com\/es\/wp-json\/wp\/v2\/product"}],"about":[{"href":"https:\/\/rivieramayahotspots.com\/es\/wp-json\/wp\/v2\/types\/product"}],"replies":[{"embeddable":true,"href":"https:\/\/rivieramayahotspots.com\/es\/wp-json\/wp\/v2\/comments?post=141"}],"wp:featuredmedia":[{"embeddable":true,"href":"https:\/\/rivieramayahotspots.com\/es\/wp-json\/wp\/v2\/media\/25"}],"wp:attachment":[{"href":"https:\/\/rivieramayahotspots.com\/es\/wp-json\/wp\/v2\/media?parent=141"}],"wp:term":[{"taxonomy":"product_brand","embeddable":true,"href":"https:\/\/rivieramayahotspots.com\/es\/wp-json\/wp\/v2\/product_brand?post=141"},{"taxonomy":"product_cat","embeddable":true,"href":"https:\/\/rivieramayahotspots.com\/es\/wp-json\/wp\/v2\/product_cat?post=141"},{"taxonomy":"product_tag","embeddable":true,"href":"https:\/\/rivieramayahotspots.com\/es\/wp-json\/wp\/v2\/product_tag?post=141"}],"curies":[{"name":"wp","href":"https:\/\/api.w.org\/{rel}","templated":true}]}}