{"id":137,"date":"2021-10-13T21:25:33","date_gmt":"2021-10-13T21:25:33","guid":{"rendered":"https:\/\/wordpress-722045-2402992.cloudwaysapps.com\/?post_type=product&#038;p=352"},"modified":"2021-10-13T21:25:33","modified_gmt":"2021-10-13T21:25:33","slug":"toallas-de-bano-organicas","status":"publish","type":"product","link":"https:\/\/rivieramayahotspots.com\/es\/producto\/toallas-de-bano-organicas\/","title":{"rendered":"Toallas de ba\u00f1o org\u00e1nicas"},"content":{"rendered":"<p>Toallas de felpa excepcionalmente suaves, gruesas y lujosas. M\u00e1s que acogedoras, sus largos bucles son absorbentes, se secan r\u00e1pidamente y est\u00e1n dise\u00f1adas para resistir a\u00f1os de uso regular, ideales para quienes prefieren toallas esponjosas y esponjosas.<\/p>","protected":false},"excerpt":{"rendered":"<p>Toallas de felpa excepcionalmente suaves, gruesas y lujosas. M\u00e1s que acogedoras, sus largos bucles son absorbentes, se secan r\u00e1pidamente y est\u00e1n dise\u00f1adas para resistir a\u00f1os de uso regular, ideales para quienes prefieren toallas esponjosas y esponjosas.<\/p>","protected":false},"featured_media":22,"comment_status":"open","ping_status":"closed","template":"","meta":[],"product_brand":[],"product_cat":[50],"product_tag":[],"class_list":{"0":"post-137","1":"product","2":"type-product","3":"status-publish","4":"has-post-thumbnail","6":"product_cat-bath","8":"first","9":"instock","10":"sale","11":"shipping-taxable","12":"purchasable","13":"product-type-simple"},"yoast_head":"<!-- This site is optimized with the Yoast SEO plugin v27.4 - https:\/\/yoast.com\/product\/yoast-seo-wordpress\/ -->\n<title>Organic Bath Towels - RiveraMayaHotSpots<\/title>\n<meta name=\"robots\" content=\"index, follow, max-snippet:-1, max-image-preview:large, max-video-preview:-1\" \/>\n<link rel=\"canonical\" href=\"https:\/\/rivieramayahotspots.com\/es\/producto\/toallas-de-bano-organicas\/\" \/>\n<meta property=\"og:locale\" content=\"es_ES\" \/>\n<meta property=\"og:type\" content=\"article\" \/>\n<meta property=\"og:title\" content=\"Organic Bath Towels - RiveraMayaHotSpots\" \/>\n<meta property=\"og:description\" content=\"Plush towels that are exceptionally soft, thick, and luxurious. More than just cozy, the long loops are absorbent, quick to dry, and made to withstand years of regular use for those who like their towels full and fluffy.\" \/>\n<meta property=\"og:url\" content=\"https:\/\/rivieramayahotspots.com\/es\/producto\/toallas-de-bano-organicas\/\" \/>\n<meta property=\"og:site_name\" content=\"RiveraMayaHotSpots\" \/>\n<meta property=\"og:image\" content=\"https:\/\/rivieramayahotspots.com\/wp-content\/uploads\/2020\/12\/slider-bg-011.jpg\" \/>\n\t<meta property=\"og:image:width\" content=\"1733\" \/>\n\t<meta property=\"og:image:height\" content=\"1155\" \/>\n\t<meta property=\"og:image:type\" content=\"image\/jpeg\" \/>\n<meta name=\"twitter:card\" content=\"summary_large_image\" \/>\n<script type=\"application\/ld+json\" class=\"yoast-schema-graph\">{\"@context\":\"https:\\\/\\\/schema.org\",\"@graph\":[{\"@type\":\"WebPage\",\"@id\":\"https:\\\/\\\/rivieramayahotspots.com\\\/es\\\/producto\\\/toallas-de-bano-organicas\\\/\",\"url\":\"https:\\\/\\\/rivieramayahotspots.com\\\/es\\\/producto\\\/toallas-de-bano-organicas\\\/\",\"name\":\"Organic Bath Towels - RiveraMayaHotSpots\",\"isPartOf\":{\"@id\":\"https:\\\/\\\/blue-manatee-729947.hostingersite.com\\\/#website\"},\"primaryImageOfPage\":{\"@id\":\"https:\\\/\\\/rivieramayahotspots.com\\\/es\\\/producto\\\/toallas-de-bano-organicas\\\/#primaryimage\"},\"image\":{\"@id\":\"https:\\\/\\\/rivieramayahotspots.com\\\/es\\\/producto\\\/toallas-de-bano-organicas\\\/#primaryimage\"},\"thumbnailUrl\":\"https:\\\/\\\/rivieramayahotspots.com\\\/wp-content\\\/uploads\\\/2020\\\/12\\\/slider-bg-011.jpg\",\"datePublished\":\"2021-10-13T21:25:33+00:00\",\"breadcrumb\":{\"@id\":\"https:\\\/\\\/rivieramayahotspots.com\\\/es\\\/producto\\\/toallas-de-bano-organicas\\\/#breadcrumb\"},\"inLanguage\":\"es\",\"potentialAction\":[{\"@type\":\"ReadAction\",\"target\":[\"https:\\\/\\\/rivieramayahotspots.com\\\/es\\\/producto\\\/toallas-de-bano-organicas\\\/\"]}]},{\"@type\":\"ImageObject\",\"inLanguage\":\"es\",\"@id\":\"https:\\\/\\\/rivieramayahotspots.com\\\/es\\\/producto\\\/toallas-de-bano-organicas\\\/#primaryimage\",\"url\":\"https:\\\/\\\/rivieramayahotspots.com\\\/wp-content\\\/uploads\\\/2020\\\/12\\\/slider-bg-011.jpg\",\"contentUrl\":\"https:\\\/\\\/rivieramayahotspots.com\\\/wp-content\\\/uploads\\\/2020\\\/12\\\/slider-bg-011.jpg\",\"width\":1733,\"height\":1155},{\"@type\":\"BreadcrumbList\",\"@id\":\"https:\\\/\\\/rivieramayahotspots.com\\\/es\\\/producto\\\/toallas-de-bano-organicas\\\/#breadcrumb\",\"itemListElement\":[{\"@type\":\"ListItem\",\"position\":1,\"name\":\"Home\",\"item\":\"https:\\\/\\\/rivieramayahotspots.com\\\/\"},{\"@type\":\"ListItem\",\"position\":2,\"name\":\"Shop\",\"item\":\"https:\\\/\\\/rivieramayahotspots.com\\\/es\\\/comercio\\\/\"},{\"@type\":\"ListItem\",\"position\":3,\"name\":\"Organic Bath Towels\"}]},{\"@type\":\"WebSite\",\"@id\":\"https:\\\/\\\/blue-manatee-729947.hostingersite.com\\\/#website\",\"url\":\"https:\\\/\\\/blue-manatee-729947.hostingersite.com\\\/\",\"name\":\"RiveraMayaHotSpots\",\"description\":\"The #1 Guide\",\"potentialAction\":[{\"@type\":\"SearchAction\",\"target\":{\"@type\":\"EntryPoint\",\"urlTemplate\":\"https:\\\/\\\/blue-manatee-729947.hostingersite.com\\\/?s={search_term_string}\"},\"query-input\":{\"@type\":\"PropertyValueSpecification\",\"valueRequired\":true,\"valueName\":\"search_term_string\"}}],\"inLanguage\":\"es\"}]}<\/script>\n<!-- \/ Yoast SEO plugin. -->","yoast_head_json":{"title":"Toallas de ba\u00f1o org\u00e1nicas - RiveraMayaHotSpots","robots":{"index":"index","follow":"follow","max-snippet":"max-snippet:-1","max-image-preview":"max-image-preview:large","max-video-preview":"max-video-preview:-1"},"canonical":"https:\/\/rivieramayahotspots.com\/es\/producto\/toallas-de-bano-organicas\/","og_locale":"es_ES","og_type":"article","og_title":"Organic Bath Towels - RiveraMayaHotSpots","og_description":"Plush towels that are exceptionally soft, thick, and luxurious. More than just cozy, the long loops are absorbent, quick to dry, and made to withstand years of regular use for those who like their towels full and fluffy.","og_url":"https:\/\/rivieramayahotspots.com\/es\/producto\/toallas-de-bano-organicas\/","og_site_name":"RiveraMayaHotSpots","og_image":[{"width":1733,"height":1155,"url":"https:\/\/rivieramayahotspots.com\/wp-content\/uploads\/2020\/12\/slider-bg-011.jpg","type":"image\/jpeg"}],"twitter_card":"summary_large_image","schema":{"@context":"https:\/\/schema.org","@graph":[{"@type":"WebPage","@id":"https:\/\/rivieramayahotspots.com\/es\/producto\/toallas-de-bano-organicas\/","url":"https:\/\/rivieramayahotspots.com\/es\/producto\/toallas-de-bano-organicas\/","name":"Toallas de ba\u00f1o org\u00e1nicas - RiveraMayaHotSpots","isPartOf":{"@id":"https:\/\/blue-manatee-729947.hostingersite.com\/#website"},"primaryImageOfPage":{"@id":"https:\/\/rivieramayahotspots.com\/es\/producto\/toallas-de-bano-organicas\/#primaryimage"},"image":{"@id":"https:\/\/rivieramayahotspots.com\/es\/producto\/toallas-de-bano-organicas\/#primaryimage"},"thumbnailUrl":"https:\/\/rivieramayahotspots.com\/wp-content\/uploads\/2020\/12\/slider-bg-011.jpg","datePublished":"2021-10-13T21:25:33+00:00","breadcrumb":{"@id":"https:\/\/rivieramayahotspots.com\/es\/producto\/toallas-de-bano-organicas\/#breadcrumb"},"inLanguage":"es","potentialAction":[{"@type":"ReadAction","target":["https:\/\/rivieramayahotspots.com\/es\/producto\/toallas-de-bano-organicas\/"]}]},{"@type":"ImageObject","inLanguage":"es","@id":"https:\/\/rivieramayahotspots.com\/es\/producto\/toallas-de-bano-organicas\/#primaryimage","url":"https:\/\/rivieramayahotspots.com\/wp-content\/uploads\/2020\/12\/slider-bg-011.jpg","contentUrl":"https:\/\/rivieramayahotspots.com\/wp-content\/uploads\/2020\/12\/slider-bg-011.jpg","width":1733,"height":1155},{"@type":"BreadcrumbList","@id":"https:\/\/rivieramayahotspots.com\/es\/producto\/toallas-de-bano-organicas\/#breadcrumb","itemListElement":[{"@type":"ListItem","position":1,"name":"Home","item":"https:\/\/rivieramayahotspots.com\/"},{"@type":"ListItem","position":2,"name":"Shop","item":"https:\/\/rivieramayahotspots.com\/es\/comercio\/"},{"@type":"ListItem","position":3,"name":"Organic Bath Towels"}]},{"@type":"WebSite","@id":"https:\/\/blue-manatee-729947.hostingersite.com\/#website","url":"https:\/\/blue-manatee-729947.hostingersite.com\/","name":"Puntos de inter\u00e9s de RiveraMaya","description":"La gu\u00eda #1","potentialAction":[{"@type":"SearchAction","target":{"@type":"EntryPoint","urlTemplate":"https:\/\/blue-manatee-729947.hostingersite.com\/?s={search_term_string}"},"query-input":{"@type":"PropertyValueSpecification","valueRequired":true,"valueName":"search_term_string"}}],"inLanguage":"es"}]}},"_links":{"self":[{"href":"https:\/\/rivieramayahotspots.com\/es\/wp-json\/wp\/v2\/product\/137","targetHints":{"allow":["GET"]}}],"collection":[{"href":"https:\/\/rivieramayahotspots.com\/es\/wp-json\/wp\/v2\/product"}],"about":[{"href":"https:\/\/rivieramayahotspots.com\/es\/wp-json\/wp\/v2\/types\/product"}],"replies":[{"embeddable":true,"href":"https:\/\/rivieramayahotspots.com\/es\/wp-json\/wp\/v2\/comments?post=137"}],"wp:featuredmedia":[{"embeddable":true,"href":"https:\/\/rivieramayahotspots.com\/es\/wp-json\/wp\/v2\/media\/22"}],"wp:attachment":[{"href":"https:\/\/rivieramayahotspots.com\/es\/wp-json\/wp\/v2\/media?parent=137"}],"wp:term":[{"taxonomy":"product_brand","embeddable":true,"href":"https:\/\/rivieramayahotspots.com\/es\/wp-json\/wp\/v2\/product_brand?post=137"},{"taxonomy":"product_cat","embeddable":true,"href":"https:\/\/rivieramayahotspots.com\/es\/wp-json\/wp\/v2\/product_cat?post=137"},{"taxonomy":"product_tag","embeddable":true,"href":"https:\/\/rivieramayahotspots.com\/es\/wp-json\/wp\/v2\/product_tag?post=137"}],"curies":[{"name":"wp","href":"https:\/\/api.w.org\/{rel}","templated":true}]}}