{"id":1087,"date":"2023-08-24T09:57:34","date_gmt":"2023-08-24T09:57:34","guid":{"rendered":"https:\/\/rivieramayahotspots.com\/product\/uxmal\/"},"modified":"2023-08-25T08:31:16","modified_gmt":"2023-08-25T08:31:16","slug":"uxmal","status":"publish","type":"product","link":"https:\/\/rivieramayahotspots.com\/es\/producto\/uxmal\/","title":{"rendered":"Uxmal"},"content":{"rendered":"<p>Pronounced \u201coosh-mawl,\u201d Uxmal was one of the greatest Maya cities. The city was built sometime during the 5th or 6th centuries A.D., but archaeological evidence suggests that the area had been inhabited as a farming center since as far back as 800 B.C. The city shows no architectural styles other than the purely Maya \u201cPuuc\u201d style. This is odd considering the widespread influence of other cultures in the region. The grandest structure of the site is the Pyramid of the Magician. Though not a true pyramid (it is elliptical, not square), the pyramid is a marvel, standing 38 meters tall with a staircase at a 60 degree angle, the pyramid is tall and steep. The view from the top, if you can handle the climb, is marvelous.<\/p>\n<p>Al oeste, ver\u00e1 el Cuadr\u00e1ngulo de las Conventos. Nombrado as\u00ed por el historiador espa\u00f1ol Fray Diego L\u00f3pez de Cogullado debido a su semejanza con un monasterio europeo, se cree que el Convento fue una especie de academia, ya sea para militares o para los hijos de las clases altas. Al suroeste de la pir\u00e1mide, ver\u00e1 el Palacio del Gobernador, la estructura m\u00e1s grande y elegante del recinto. La intrincada mamposter\u00eda y la fachada de mosaico de 107 metros de largo del palacio convierten al edificio en la joya de Uxmal.<\/p>\n<p>El palacio del gobernador est\u00e1 separado de la cuadr\u00edcula principal sobre la que se asienta el resto de la ciudad. Esto refleja las habilidades astron\u00f3micas de los mayas, ya que la puerta principal del palacio estaba ubicada en perfecta alineaci\u00f3n con Venus. Otra gran estructura en el sitio es la Gran Pir\u00e1mide. Con 30 metros de altura, esta pir\u00e1mide de nueve niveles es una estructura dominante de Uxmal. Est\u00e1 decorada con tallas ornamentales de m\u00e1scaras, aves y flores. Como muchas otras ruinas en M\u00e9xico, Uxmal cuenta con un juego de pelota restaurado. Sin embargo, el juego es mucho m\u00e1s simple que otros juegos en otras ciudades antiguas. Tambi\u00e9n son notables las enormes cisternas que abastec\u00edan de agua a la ciudad. Uxmal fue construida en una zona \u00e1rida de la pen\u00ednsula de Yucat\u00e1n, lejos de manantiales, r\u00edos o pozos. Para recolectar agua preciosa, la ciudad construy\u00f3 enormes cisternas para captar la lluvia. En consecuencia, el dios de la lluvia, Chaac, era la deidad m\u00e1s venerada en Uxmal. Otros sitios arqueol\u00f3gicos desenterrados cerca de Uxmal son Kabah, Sayil, Xlapak y Labna, todos ellos bajo la influencia territorial de Uxmal.<\/p>","protected":false},"excerpt":{"rendered":"<p>Pronounced \u201coosh-mawl,\u201d Uxmal was one of the greatest Maya cities. The city was built sometime during the 5th or 6th centuries A.D., but archaeological evidence suggests that the area had been inhabited as a farming center since as far back as 800 B.C. The city shows no architectural styles other than the purely Maya \u201cPuuc\u201d [&hellip;]<\/p>\n","protected":false},"featured_media":0,"comment_status":"open","ping_status":"closed","template":"","meta":[],"product_brand":[],"product_cat":[21],"product_tag":[],"class_list":{"0":"post-1087","1":"product","2":"type-product","3":"status-publish","5":"product_cat-listeo-booking","7":"first","8":"instock","9":"downloadable","10":"virtual","11":"sold-individually","12":"purchasable","13":"product-type-listing_booking"},"yoast_head":"<!-- This site is optimized with the Yoast SEO plugin v27.5 - https:\/\/yoast.com\/product\/yoast-seo-wordpress\/ -->\n<title>Uxmal - RiveraMayaHotSpots<\/title>\n<meta name=\"robots\" content=\"index, follow, max-snippet:-1, max-image-preview:large, max-video-preview:-1\" \/>\n<link rel=\"canonical\" href=\"https:\/\/rivieramayahotspots.com\/es\/producto\/uxmal\/\" \/>\n<meta property=\"og:locale\" content=\"es_ES\" \/>\n<meta property=\"og:type\" content=\"article\" \/>\n<meta property=\"og:title\" content=\"Uxmal - RiveraMayaHotSpots\" \/>\n<meta property=\"og:description\" content=\"Pronounced \u201coosh-mawl,\u201d Uxmal was one of the greatest Maya cities. The city was built sometime during the 5th or 6th centuries A.D., but archaeological evidence suggests that the area had been inhabited as a farming center since as far back as 800 B.C. The city shows no architectural styles other than the purely Maya \u201cPuuc\u201d [&hellip;]\" \/>\n<meta property=\"og:url\" content=\"https:\/\/rivieramayahotspots.com\/es\/producto\/uxmal\/\" \/>\n<meta property=\"og:site_name\" content=\"RiveraMayaHotSpots\" \/>\n<meta property=\"article:modified_time\" content=\"2023-08-25T08:31:16+00:00\" \/>\n<meta name=\"twitter:card\" content=\"summary_large_image\" \/>\n<meta name=\"twitter:label1\" content=\"Tiempo de lectura\" \/>\n\t<meta name=\"twitter:data1\" content=\"2 minutos\" \/>\n<script type=\"application\/ld+json\" class=\"yoast-schema-graph\">{\"@context\":\"https:\\\/\\\/schema.org\",\"@graph\":[{\"@type\":\"WebPage\",\"@id\":\"https:\\\/\\\/rivieramayahotspots.com\\\/es\\\/producto\\\/uxmal\\\/\",\"url\":\"https:\\\/\\\/rivieramayahotspots.com\\\/es\\\/producto\\\/uxmal\\\/\",\"name\":\"Uxmal - RiveraMayaHotSpots\",\"isPartOf\":{\"@id\":\"https:\\\/\\\/blue-manatee-729947.hostingersite.com\\\/#website\"},\"datePublished\":\"2023-08-24T09:57:34+00:00\",\"dateModified\":\"2023-08-25T08:31:16+00:00\",\"breadcrumb\":{\"@id\":\"https:\\\/\\\/rivieramayahotspots.com\\\/es\\\/producto\\\/uxmal\\\/#breadcrumb\"},\"inLanguage\":\"es\",\"potentialAction\":[{\"@type\":\"ReadAction\",\"target\":[\"https:\\\/\\\/rivieramayahotspots.com\\\/es\\\/producto\\\/uxmal\\\/\"]}]},{\"@type\":\"BreadcrumbList\",\"@id\":\"https:\\\/\\\/rivieramayahotspots.com\\\/es\\\/producto\\\/uxmal\\\/#breadcrumb\",\"itemListElement\":[{\"@type\":\"ListItem\",\"position\":1,\"name\":\"Home\",\"item\":\"https:\\\/\\\/rivieramayahotspots.com\\\/\"},{\"@type\":\"ListItem\",\"position\":2,\"name\":\"Shop\",\"item\":\"https:\\\/\\\/rivieramayahotspots.com\\\/es\\\/comercio\\\/\"},{\"@type\":\"ListItem\",\"position\":3,\"name\":\"Uxmal\"}]},{\"@type\":\"WebSite\",\"@id\":\"https:\\\/\\\/blue-manatee-729947.hostingersite.com\\\/#website\",\"url\":\"https:\\\/\\\/blue-manatee-729947.hostingersite.com\\\/\",\"name\":\"RiveraMayaHotSpots\",\"description\":\"The #1 Guide\",\"potentialAction\":[{\"@type\":\"SearchAction\",\"target\":{\"@type\":\"EntryPoint\",\"urlTemplate\":\"https:\\\/\\\/blue-manatee-729947.hostingersite.com\\\/?s={search_term_string}\"},\"query-input\":{\"@type\":\"PropertyValueSpecification\",\"valueRequired\":true,\"valueName\":\"search_term_string\"}}],\"inLanguage\":\"es\"}]}<\/script>\n<!-- \/ Yoast SEO plugin. -->","yoast_head_json":{"title":"Uxmal - Puntos de inter\u00e9s de la Riviera Maya","robots":{"index":"index","follow":"follow","max-snippet":"max-snippet:-1","max-image-preview":"max-image-preview:large","max-video-preview":"max-video-preview:-1"},"canonical":"https:\/\/rivieramayahotspots.com\/es\/producto\/uxmal\/","og_locale":"es_ES","og_type":"article","og_title":"Uxmal - RiveraMayaHotSpots","og_description":"Pronounced \u201coosh-mawl,\u201d Uxmal was one of the greatest Maya cities. The city was built sometime during the 5th or 6th centuries A.D., but archaeological evidence suggests that the area had been inhabited as a farming center since as far back as 800 B.C. The city shows no architectural styles other than the purely Maya \u201cPuuc\u201d [&hellip;]","og_url":"https:\/\/rivieramayahotspots.com\/es\/producto\/uxmal\/","og_site_name":"RiveraMayaHotSpots","article_modified_time":"2023-08-25T08:31:16+00:00","twitter_card":"summary_large_image","twitter_misc":{"Tiempo de lectura":"2 minutos"},"schema":{"@context":"https:\/\/schema.org","@graph":[{"@type":"WebPage","@id":"https:\/\/rivieramayahotspots.com\/es\/producto\/uxmal\/","url":"https:\/\/rivieramayahotspots.com\/es\/producto\/uxmal\/","name":"Uxmal - Puntos de inter\u00e9s de la Riviera Maya","isPartOf":{"@id":"https:\/\/blue-manatee-729947.hostingersite.com\/#website"},"datePublished":"2023-08-24T09:57:34+00:00","dateModified":"2023-08-25T08:31:16+00:00","breadcrumb":{"@id":"https:\/\/rivieramayahotspots.com\/es\/producto\/uxmal\/#breadcrumb"},"inLanguage":"es","potentialAction":[{"@type":"ReadAction","target":["https:\/\/rivieramayahotspots.com\/es\/producto\/uxmal\/"]}]},{"@type":"BreadcrumbList","@id":"https:\/\/rivieramayahotspots.com\/es\/producto\/uxmal\/#breadcrumb","itemListElement":[{"@type":"ListItem","position":1,"name":"Home","item":"https:\/\/rivieramayahotspots.com\/"},{"@type":"ListItem","position":2,"name":"Shop","item":"https:\/\/rivieramayahotspots.com\/es\/comercio\/"},{"@type":"ListItem","position":3,"name":"Uxmal"}]},{"@type":"WebSite","@id":"https:\/\/blue-manatee-729947.hostingersite.com\/#website","url":"https:\/\/blue-manatee-729947.hostingersite.com\/","name":"Puntos de inter\u00e9s de RiveraMaya","description":"La gu\u00eda #1","potentialAction":[{"@type":"SearchAction","target":{"@type":"EntryPoint","urlTemplate":"https:\/\/blue-manatee-729947.hostingersite.com\/?s={search_term_string}"},"query-input":{"@type":"PropertyValueSpecification","valueRequired":true,"valueName":"search_term_string"}}],"inLanguage":"es"}]}},"_links":{"self":[{"href":"https:\/\/rivieramayahotspots.com\/es\/wp-json\/wp\/v2\/product\/1087","targetHints":{"allow":["GET"]}}],"collection":[{"href":"https:\/\/rivieramayahotspots.com\/es\/wp-json\/wp\/v2\/product"}],"about":[{"href":"https:\/\/rivieramayahotspots.com\/es\/wp-json\/wp\/v2\/types\/product"}],"replies":[{"embeddable":true,"href":"https:\/\/rivieramayahotspots.com\/es\/wp-json\/wp\/v2\/comments?post=1087"}],"wp:attachment":[{"href":"https:\/\/rivieramayahotspots.com\/es\/wp-json\/wp\/v2\/media?parent=1087"}],"wp:term":[{"taxonomy":"product_brand","embeddable":true,"href":"https:\/\/rivieramayahotspots.com\/es\/wp-json\/wp\/v2\/product_brand?post=1087"},{"taxonomy":"product_cat","embeddable":true,"href":"https:\/\/rivieramayahotspots.com\/es\/wp-json\/wp\/v2\/product_cat?post=1087"},{"taxonomy":"product_tag","embeddable":true,"href":"https:\/\/rivieramayahotspots.com\/es\/wp-json\/wp\/v2\/product_tag?post=1087"}],"curies":[{"name":"wp","href":"https:\/\/api.w.org\/{rel}","templated":true}]}}