{"id":1031,"date":"2023-08-24T08:43:10","date_gmt":"2023-08-24T08:43:10","guid":{"rendered":"https:\/\/rivieramayahotspots.com\/product\/cenote-escondido\/"},"modified":"2023-08-24T08:43:41","modified_gmt":"2023-08-24T08:43:41","slug":"cenote-escondido","status":"publish","type":"product","link":"https:\/\/rivieramayahotspots.com\/es\/producto\/cenote-escondido\/","title":{"rendered":"Cenote Escondido"},"content":{"rendered":"<p>Tambi\u00e9n conocido como Mayan Blue, Cenote Escondido es un oasis de tranquilidad que atrae a los visitantes con sus atractivas aguas azules y su atm\u00f3sfera serena.<\/p>\n<p>Ubicado a las afueras de Tulum, el Cenote Escondido es un cenote al aire libre que ofrece una escapada inigualable de los t\u00edpicos lugares tur\u00edsticos. Rodeado de una densa vegetaci\u00f3n y una rica fauna, este santuario aislado ofrece una experiencia verdaderamente inmersiva en la naturaleza. El cenote cuenta con m\u00faltiples secciones con diferentes profundidades, ideales tanto para nadadores como para buceadores y esnorquelistas, creando un entorno perfecto tanto para la relajaci\u00f3n como para la aventura.<\/p>","protected":false},"excerpt":{"rendered":"<p>Also known as Mayan Blue, Cenote Escondido is a tranquil oasis that beckons visitors with its inviting azure waters and serene atmosphere. Nestled just outside Tulum, Cenote Escondido is an open-air cenote offering an unparalleled escape from the typical tourist hotspots. Surrounded by dense vegetation and a rich array of wildlife, this secluded sanctuary provides [&hellip;]<\/p>\n","protected":false},"featured_media":0,"comment_status":"open","ping_status":"closed","template":"","meta":[],"product_brand":[],"product_cat":[21],"product_tag":[],"class_list":{"0":"post-1031","1":"product","2":"type-product","3":"status-publish","5":"product_cat-listeo-booking","7":"first","8":"instock","9":"downloadable","10":"virtual","11":"sold-individually","12":"purchasable","13":"product-type-listing_booking"},"yoast_head":"<!-- This site is optimized with the Yoast SEO plugin v27.5 - https:\/\/yoast.com\/product\/yoast-seo-wordpress\/ -->\n<title>Cenote Escondido - RiveraMayaHotSpots<\/title>\n<meta name=\"robots\" content=\"index, follow, max-snippet:-1, max-image-preview:large, max-video-preview:-1\" \/>\n<link rel=\"canonical\" href=\"https:\/\/rivieramayahotspots.com\/es\/producto\/cenote-escondido\/\" \/>\n<meta property=\"og:locale\" content=\"es_ES\" \/>\n<meta property=\"og:type\" content=\"article\" \/>\n<meta property=\"og:title\" content=\"Cenote Escondido - RiveraMayaHotSpots\" \/>\n<meta property=\"og:description\" content=\"Also known as Mayan Blue, Cenote Escondido is a tranquil oasis that beckons visitors with its inviting azure waters and serene atmosphere. Nestled just outside Tulum, Cenote Escondido is an open-air cenote offering an unparalleled escape from the typical tourist hotspots. Surrounded by dense vegetation and a rich array of wildlife, this secluded sanctuary provides [&hellip;]\" \/>\n<meta property=\"og:url\" content=\"https:\/\/rivieramayahotspots.com\/es\/producto\/cenote-escondido\/\" \/>\n<meta property=\"og:site_name\" content=\"RiveraMayaHotSpots\" \/>\n<meta property=\"article:modified_time\" content=\"2023-08-24T08:43:41+00:00\" \/>\n<meta name=\"twitter:card\" content=\"summary_large_image\" \/>\n<script type=\"application\/ld+json\" class=\"yoast-schema-graph\">{\"@context\":\"https:\\\/\\\/schema.org\",\"@graph\":[{\"@type\":\"WebPage\",\"@id\":\"https:\\\/\\\/rivieramayahotspots.com\\\/es\\\/producto\\\/cenote-escondido\\\/\",\"url\":\"https:\\\/\\\/rivieramayahotspots.com\\\/es\\\/producto\\\/cenote-escondido\\\/\",\"name\":\"Cenote Escondido - RiveraMayaHotSpots\",\"isPartOf\":{\"@id\":\"https:\\\/\\\/blue-manatee-729947.hostingersite.com\\\/#website\"},\"datePublished\":\"2023-08-24T08:43:10+00:00\",\"dateModified\":\"2023-08-24T08:43:41+00:00\",\"breadcrumb\":{\"@id\":\"https:\\\/\\\/rivieramayahotspots.com\\\/es\\\/producto\\\/cenote-escondido\\\/#breadcrumb\"},\"inLanguage\":\"es\",\"potentialAction\":[{\"@type\":\"ReadAction\",\"target\":[\"https:\\\/\\\/rivieramayahotspots.com\\\/es\\\/producto\\\/cenote-escondido\\\/\"]}]},{\"@type\":\"BreadcrumbList\",\"@id\":\"https:\\\/\\\/rivieramayahotspots.com\\\/es\\\/producto\\\/cenote-escondido\\\/#breadcrumb\",\"itemListElement\":[{\"@type\":\"ListItem\",\"position\":1,\"name\":\"Home\",\"item\":\"https:\\\/\\\/rivieramayahotspots.com\\\/\"},{\"@type\":\"ListItem\",\"position\":2,\"name\":\"Shop\",\"item\":\"https:\\\/\\\/rivieramayahotspots.com\\\/es\\\/comercio\\\/\"},{\"@type\":\"ListItem\",\"position\":3,\"name\":\"Cenote Escondido\"}]},{\"@type\":\"WebSite\",\"@id\":\"https:\\\/\\\/blue-manatee-729947.hostingersite.com\\\/#website\",\"url\":\"https:\\\/\\\/blue-manatee-729947.hostingersite.com\\\/\",\"name\":\"RiveraMayaHotSpots\",\"description\":\"The #1 Guide\",\"potentialAction\":[{\"@type\":\"SearchAction\",\"target\":{\"@type\":\"EntryPoint\",\"urlTemplate\":\"https:\\\/\\\/blue-manatee-729947.hostingersite.com\\\/?s={search_term_string}\"},\"query-input\":{\"@type\":\"PropertyValueSpecification\",\"valueRequired\":true,\"valueName\":\"search_term_string\"}}],\"inLanguage\":\"es\"}]}<\/script>\n<!-- \/ Yoast SEO plugin. -->","yoast_head_json":{"title":"Cenote Escondido - Puntos de inter\u00e9s de RiveraMaya","robots":{"index":"index","follow":"follow","max-snippet":"max-snippet:-1","max-image-preview":"max-image-preview:large","max-video-preview":"max-video-preview:-1"},"canonical":"https:\/\/rivieramayahotspots.com\/es\/producto\/cenote-escondido\/","og_locale":"es_ES","og_type":"article","og_title":"Cenote Escondido - RiveraMayaHotSpots","og_description":"Also known as Mayan Blue, Cenote Escondido is a tranquil oasis that beckons visitors with its inviting azure waters and serene atmosphere. Nestled just outside Tulum, Cenote Escondido is an open-air cenote offering an unparalleled escape from the typical tourist hotspots. Surrounded by dense vegetation and a rich array of wildlife, this secluded sanctuary provides [&hellip;]","og_url":"https:\/\/rivieramayahotspots.com\/es\/producto\/cenote-escondido\/","og_site_name":"RiveraMayaHotSpots","article_modified_time":"2023-08-24T08:43:41+00:00","twitter_card":"summary_large_image","schema":{"@context":"https:\/\/schema.org","@graph":[{"@type":"WebPage","@id":"https:\/\/rivieramayahotspots.com\/es\/producto\/cenote-escondido\/","url":"https:\/\/rivieramayahotspots.com\/es\/producto\/cenote-escondido\/","name":"Cenote Escondido - Puntos de inter\u00e9s de RiveraMaya","isPartOf":{"@id":"https:\/\/blue-manatee-729947.hostingersite.com\/#website"},"datePublished":"2023-08-24T08:43:10+00:00","dateModified":"2023-08-24T08:43:41+00:00","breadcrumb":{"@id":"https:\/\/rivieramayahotspots.com\/es\/producto\/cenote-escondido\/#breadcrumb"},"inLanguage":"es","potentialAction":[{"@type":"ReadAction","target":["https:\/\/rivieramayahotspots.com\/es\/producto\/cenote-escondido\/"]}]},{"@type":"BreadcrumbList","@id":"https:\/\/rivieramayahotspots.com\/es\/producto\/cenote-escondido\/#breadcrumb","itemListElement":[{"@type":"ListItem","position":1,"name":"Home","item":"https:\/\/rivieramayahotspots.com\/"},{"@type":"ListItem","position":2,"name":"Shop","item":"https:\/\/rivieramayahotspots.com\/es\/comercio\/"},{"@type":"ListItem","position":3,"name":"Cenote Escondido"}]},{"@type":"WebSite","@id":"https:\/\/blue-manatee-729947.hostingersite.com\/#website","url":"https:\/\/blue-manatee-729947.hostingersite.com\/","name":"Puntos de inter\u00e9s de RiveraMaya","description":"La gu\u00eda #1","potentialAction":[{"@type":"SearchAction","target":{"@type":"EntryPoint","urlTemplate":"https:\/\/blue-manatee-729947.hostingersite.com\/?s={search_term_string}"},"query-input":{"@type":"PropertyValueSpecification","valueRequired":true,"valueName":"search_term_string"}}],"inLanguage":"es"}]}},"_links":{"self":[{"href":"https:\/\/rivieramayahotspots.com\/es\/wp-json\/wp\/v2\/product\/1031","targetHints":{"allow":["GET"]}}],"collection":[{"href":"https:\/\/rivieramayahotspots.com\/es\/wp-json\/wp\/v2\/product"}],"about":[{"href":"https:\/\/rivieramayahotspots.com\/es\/wp-json\/wp\/v2\/types\/product"}],"replies":[{"embeddable":true,"href":"https:\/\/rivieramayahotspots.com\/es\/wp-json\/wp\/v2\/comments?post=1031"}],"wp:attachment":[{"href":"https:\/\/rivieramayahotspots.com\/es\/wp-json\/wp\/v2\/media?parent=1031"}],"wp:term":[{"taxonomy":"product_brand","embeddable":true,"href":"https:\/\/rivieramayahotspots.com\/es\/wp-json\/wp\/v2\/product_brand?post=1031"},{"taxonomy":"product_cat","embeddable":true,"href":"https:\/\/rivieramayahotspots.com\/es\/wp-json\/wp\/v2\/product_cat?post=1031"},{"taxonomy":"product_tag","embeddable":true,"href":"https:\/\/rivieramayahotspots.com\/es\/wp-json\/wp\/v2\/product_tag?post=1031"}],"curies":[{"name":"wp","href":"https:\/\/api.w.org\/{rel}","templated":true}]}}