{"id":4278,"date":"2025-12-19T12:19:55","date_gmt":"2025-12-19T17:19:55","guid":{"rendered":"https:\/\/rivieramayahotspots.com\/?page_id=4278"},"modified":"2026-03-06T19:32:17","modified_gmt":"2026-03-07T00:32:17","slug":"tours-y-experiencias-en-la-riviera-maya","status":"publish","type":"page","link":"https:\/\/rivieramayahotspots.com\/es\/tours-y-experiencias-en-la-riviera-maya\/","title":{"rendered":"Tours y Experiencias en la Riviera Maya"},"content":{"rendered":"<div data-elementor-type=\"wp-page\" data-elementor-id=\"4278\" class=\"elementor elementor-4278\" data-elementor-post-type=\"page\">\n\t\t\t\t\t\t<section class=\"elementor-section elementor-top-section elementor-element elementor-element-f872a6c elementor-section-boxed elementor-section-height-default elementor-section-height-default\" data-id=\"f872a6c\" data-element_type=\"section\" data-e-type=\"section\">\n\t\t\t\t\t\t<div class=\"elementor-container elementor-column-gap-default\">\n\t\t\t\t\t<div class=\"elementor-column elementor-col-100 elementor-top-column elementor-element elementor-element-b39f942\" data-id=\"b39f942\" data-element_type=\"column\" data-e-type=\"column\">\n\t\t\t<div class=\"elementor-widget-wrap\">\n\t\t\t\t\t\t\t<\/div>\n\t\t<\/div>\n\t\t\t\t\t<\/div>\n\t\t<\/section>\n\t\t\t\t<section class=\"elementor-section elementor-top-section elementor-element elementor-element-e7491f3 elementor-section-boxed elementor-section-height-default elementor-section-height-default\" data-id=\"e7491f3\" data-element_type=\"section\" data-e-type=\"section\">\n\t\t\t\t\t\t<div class=\"elementor-container elementor-column-gap-default\">\n\t\t\t\t\t<div class=\"elementor-column elementor-col-100 elementor-top-column elementor-element elementor-element-d09a55e\" data-id=\"d09a55e\" data-element_type=\"column\" data-e-type=\"column\">\n\t\t\t<div class=\"elementor-widget-wrap elementor-element-populated\">\n\t\t\t\t\t\t<div class=\"elementor-element elementor-element-1ce8e25 elementor-widget elementor-widget-heading\" data-id=\"1ce8e25\" data-element_type=\"widget\" data-e-type=\"widget\" data-widget_type=\"heading.default\">\n\t\t\t\t<div class=\"elementor-widget-container\">\n\t\t\t\t\t<h3 class=\"elementor-heading-title elementor-size-default\">Explora la Riviera Maya: tu aventura comienza aqu\u00ed.<\/h3>\t\t\t\t<\/div>\n\t\t\t\t<\/div>\n\t\t\t\t\t<\/div>\n\t\t<\/div>\n\t\t\t\t\t<\/div>\n\t\t<\/section>\n\t\t\t\t<section class=\"elementor-section elementor-top-section elementor-element elementor-element-3a005dd elementor-section-boxed elementor-section-height-default elementor-section-height-default\" data-id=\"3a005dd\" data-element_type=\"section\" data-e-type=\"section\">\n\t\t\t\t\t\t<div class=\"elementor-container elementor-column-gap-default\">\n\t\t\t\t\t<div class=\"elementor-column elementor-col-100 elementor-top-column elementor-element elementor-element-ec8a99c\" data-id=\"ec8a99c\" data-element_type=\"column\" data-e-type=\"column\">\n\t\t\t<div class=\"elementor-widget-wrap elementor-element-populated\">\n\t\t\t\t\t\t<div class=\"elementor-element elementor-element-dce0d04 elementor-widget elementor-widget-text-editor\" data-id=\"dce0d04\" data-element_type=\"widget\" data-e-type=\"widget\" data-widget_type=\"text-editor.default\">\n\t\t\t\t<div class=\"elementor-widget-container\">\n\t\t\t\t\t\t\t\t\t<p>Desde playas v\u00edrgenes hasta antiguas ruinas mayas, descubre recorridos dise\u00f1ados a medida para cada tipo de viajero.<\/p>\t\t\t\t\t\t\t\t<\/div>\n\t\t\t\t<\/div>\n\t\t\t\t\t<\/div>\n\t\t<\/div>\n\t\t\t\t\t<\/div>\n\t\t<\/section>\n\t\t\t\t<section class=\"elementor-section elementor-top-section elementor-element elementor-element-aa6bc67 elementor-section-boxed elementor-section-height-default elementor-section-height-default\" data-id=\"aa6bc67\" data-element_type=\"section\" data-e-type=\"section\">\n\t\t\t\t\t\t<div class=\"elementor-container elementor-column-gap-default\">\n\t\t\t\t\t<div class=\"elementor-column elementor-col-100 elementor-top-column elementor-element elementor-element-df34a1d\" data-id=\"df34a1d\" data-element_type=\"column\" data-e-type=\"column\">\n\t\t\t<div class=\"elementor-widget-wrap elementor-element-populated\">\n\t\t\t\t\t\t<div class=\"elementor-element elementor-element-15fd874 elementor-widget elementor-widget-spacer\" data-id=\"15fd874\" data-element_type=\"widget\" data-e-type=\"widget\" data-widget_type=\"spacer.default\">\n\t\t\t\t<div class=\"elementor-widget-container\">\n\t\t\t\t\t\t\t<div class=\"elementor-spacer\">\n\t\t\t<div class=\"elementor-spacer-inner\"><\/div>\n\t\t<\/div>\n\t\t\t\t\t\t<\/div>\n\t\t\t\t<\/div>\n\t\t\t\t\t<\/div>\n\t\t<\/div>\n\t\t\t\t\t<\/div>\n\t\t<\/section>\n\t\t\t\t<section class=\"elementor-section elementor-top-section elementor-element elementor-element-c623af3 elementor-section-boxed elementor-section-height-default elementor-section-height-default\" data-id=\"c623af3\" data-element_type=\"section\" data-e-type=\"section\">\n\t\t\t\t\t\t<div class=\"elementor-container elementor-column-gap-default\">\n\t\t\t\t\t<div class=\"elementor-column elementor-col-100 elementor-top-column elementor-element elementor-element-7fbd229\" data-id=\"7fbd229\" data-element_type=\"column\" data-e-type=\"column\">\n\t\t\t<div class=\"elementor-widget-wrap elementor-element-populated\">\n\t\t\t\t\t\t<div class=\"elementor-element elementor-element-de30ecc elementor-widget elementor-widget-html\" data-id=\"de30ecc\" data-element_type=\"widget\" data-e-type=\"widget\" data-widget_type=\"html.default\">\n\t\t\t\t<div class=\"elementor-widget-container\">\n\t\t\t\t\t<div data-tiqets-widget=\"discovery\" data-cards-layout=\"responsive\" data-content-type=\"venue\" data-item_count=\"30\" data-hide-destination-link=\"true\" data-destination-type=\"city\" data-destination-id=\"24\" data-slug-ids=\"\" data-currency=\"USD\" data-partner=\"journey_group-182450\" data-tq-campaign=\"Riviera Maya\"><\/div><script defer src=\"https:\/\/widgets.tiqets.com\/loader.js\"><\/script>\t\t\t\t<\/div>\n\t\t\t\t<\/div>\n\t\t\t\t\t<\/div>\n\t\t<\/div>\n\t\t\t\t\t<\/div>\n\t\t<\/section>\n\t\t\t\t<section class=\"elementor-section elementor-top-section elementor-element elementor-element-6773d3c elementor-section-boxed elementor-section-height-default elementor-section-height-default\" data-id=\"6773d3c\" data-element_type=\"section\" data-e-type=\"section\">\n\t\t\t\t\t\t<div class=\"elementor-container elementor-column-gap-default\">\n\t\t\t\t\t<div class=\"elementor-column elementor-col-100 elementor-top-column elementor-element elementor-element-54c3a8b\" data-id=\"54c3a8b\" data-element_type=\"column\" data-e-type=\"column\">\n\t\t\t<div class=\"elementor-widget-wrap elementor-element-populated\">\n\t\t\t\t\t\t<div class=\"elementor-element elementor-element-05dd9b8 elementor-widget elementor-widget-spacer\" data-id=\"05dd9b8\" data-element_type=\"widget\" data-e-type=\"widget\" data-widget_type=\"spacer.default\">\n\t\t\t\t<div class=\"elementor-widget-container\">\n\t\t\t\t\t\t\t<div class=\"elementor-spacer\">\n\t\t\t<div class=\"elementor-spacer-inner\"><\/div>\n\t\t<\/div>\n\t\t\t\t\t\t<\/div>\n\t\t\t\t<\/div>\n\t\t\t\t\t<\/div>\n\t\t<\/div>\n\t\t\t\t\t<\/div>\n\t\t<\/section>\n\t\t\t\t<section class=\"elementor-section elementor-top-section elementor-element elementor-element-f26d0bb elementor-section-boxed elementor-section-height-default elementor-section-height-default\" data-id=\"f26d0bb\" data-element_type=\"section\" data-e-type=\"section\">\n\t\t\t\t\t\t<div class=\"elementor-container elementor-column-gap-default\">\n\t\t\t\t\t<div class=\"elementor-column elementor-col-100 elementor-top-column elementor-element elementor-element-fb60fbd\" data-id=\"fb60fbd\" data-element_type=\"column\" data-e-type=\"column\">\n\t\t\t<div class=\"elementor-widget-wrap elementor-element-populated\">\n\t\t\t\t\t\t<div class=\"elementor-element elementor-element-18a499f elementor-widget elementor-widget-heading\" data-id=\"18a499f\" data-element_type=\"widget\" data-e-type=\"widget\" data-widget_type=\"heading.default\">\n\t\t\t\t<div class=\"elementor-widget-container\">\n\t\t\t\t\t<h2 class=\"elementor-heading-title elementor-size-default\">\u00bfPor qu\u00e9 reservar con nosotros?<\/h2>\t\t\t\t<\/div>\n\t\t\t\t<\/div>\n\t\t\t\t\t<\/div>\n\t\t<\/div>\n\t\t\t\t\t<\/div>\n\t\t<\/section>\n\t\t\t\t<section class=\"elementor-section elementor-top-section elementor-element elementor-element-e02d886 elementor-section-boxed elementor-section-height-default elementor-section-height-default\" data-id=\"e02d886\" data-element_type=\"section\" data-e-type=\"section\">\n\t\t\t\t\t\t<div class=\"elementor-container elementor-column-gap-default\">\n\t\t\t\t\t<div class=\"elementor-column elementor-col-100 elementor-top-column elementor-element elementor-element-1329876\" data-id=\"1329876\" data-element_type=\"column\" data-e-type=\"column\">\n\t\t\t<div class=\"elementor-widget-wrap elementor-element-populated\">\n\t\t\t\t\t\t<div class=\"elementor-element elementor-element-8fa4608 elementor-widget elementor-widget-text-editor\" data-id=\"8fa4608\" data-element_type=\"widget\" data-e-type=\"widget\" data-widget_type=\"text-editor.default\">\n\t\t\t\t<div class=\"elementor-widget-container\">\n\t\t\t\t\t\t\t\t\t<ul><li data-section-id=\"1ds89o1\" data-start=\"1589\" data-end=\"1661\"><p data-start=\"1591\" data-end=\"1661\"><strong data-start=\"1591\" data-end=\"1611\">Experiencia local:<\/strong> Gu\u00edas con un profundo conocimiento de la Riviera Maya.<\/p><\/li><li data-section-id=\"3s36n2\" data-start=\"1662\" data-end=\"1749\"><p data-start=\"1664\" data-end=\"1749\"><strong data-start=\"1664\" data-end=\"1682\">Todo incluido:<\/strong> El transporte, las entradas y el equipo est\u00e1n incluidos en la mayor\u00eda de las excursiones.<\/p><\/li><li data-section-id=\"occ6t6\" data-start=\"1750\" data-end=\"1825\"><p data-start=\"1752\" data-end=\"1825\"><strong data-start=\"1752\" data-end=\"1773\">Opciones flexibles:<\/strong> Disponemos de excursiones de medio d\u00eda, de d\u00eda completo o de varios d\u00edas.<\/p><\/li><li data-section-id=\"1rbeibs\" data-start=\"1826\" data-end=\"1895\"><p data-start=\"1828\" data-end=\"1895\"><strong data-start=\"1828\" data-end=\"1848\">Seguro y confiable:<\/strong> Operadores de confianza con los m\u00e1s altos est\u00e1ndares de seguridad.<\/p><\/li><\/ul>\t\t\t\t\t\t\t\t<\/div>\n\t\t\t\t<\/div>\n\t\t\t\t\t<\/div>\n\t\t<\/div>\n\t\t\t\t\t<\/div>\n\t\t<\/section>\n\t\t\t\t<section class=\"elementor-section elementor-top-section elementor-element elementor-element-d072cd4 elementor-section-boxed elementor-section-height-default elementor-section-height-default\" data-id=\"d072cd4\" data-element_type=\"section\" data-e-type=\"section\">\n\t\t\t\t\t\t<div class=\"elementor-container elementor-column-gap-default\">\n\t\t\t\t\t<div class=\"elementor-column elementor-col-100 elementor-top-column elementor-element elementor-element-523ad74\" data-id=\"523ad74\" data-element_type=\"column\" data-e-type=\"column\">\n\t\t\t<div class=\"elementor-widget-wrap elementor-element-populated\">\n\t\t\t\t\t\t<div class=\"elementor-element elementor-element-a5a55bb elementor-widget elementor-widget-heading\" data-id=\"a5a55bb\" data-element_type=\"widget\" data-e-type=\"widget\" data-widget_type=\"heading.default\">\n\t\t\t\t<div class=\"elementor-widget-container\">\n\t\t\t\t\t<h2 class=\"elementor-heading-title elementor-size-default\">Categor\u00edas populares\n<\/h2>\t\t\t\t<\/div>\n\t\t\t\t<\/div>\n\t\t\t\t\t<\/div>\n\t\t<\/div>\n\t\t\t\t\t<\/div>\n\t\t<\/section>\n\t\t\t\t<section class=\"elementor-section elementor-top-section elementor-element elementor-element-8df4eee elementor-section-boxed elementor-section-height-default elementor-section-height-default\" data-id=\"8df4eee\" data-element_type=\"section\" data-e-type=\"section\">\n\t\t\t\t\t\t<div class=\"elementor-container elementor-column-gap-default\">\n\t\t\t\t\t<div class=\"elementor-column elementor-col-100 elementor-top-column elementor-element elementor-element-c845ce8\" data-id=\"c845ce8\" data-element_type=\"column\" data-e-type=\"column\">\n\t\t\t<div class=\"elementor-widget-wrap elementor-element-populated\">\n\t\t\t\t\t\t<div class=\"elementor-element elementor-element-8b8d663 elementor-widget elementor-widget-text-editor\" data-id=\"8b8d663\" data-element_type=\"widget\" data-e-type=\"widget\" data-widget_type=\"text-editor.default\">\n\t\t\t\t<div class=\"elementor-widget-container\">\n\t\t\t\t\t\t\t\t\t<ul data-start=\"1929\" data-end=\"2172\"><li data-section-id=\"mak7l3\" data-start=\"1929\" data-end=\"1978\"><p data-start=\"1931\" data-end=\"1978\"><strong data-start=\"1931\" data-end=\"1945\">Aventura:<\/strong> Tirolesa, veh\u00edculos todo terreno, nataci\u00f3n en cenote.<\/p><\/li><li data-section-id=\"1pd9hag\" data-start=\"1979\" data-end=\"2042\"><p data-start=\"1981\" data-end=\"2042\"><strong data-start=\"1981\" data-end=\"1993\">Cultura:<\/strong> Ruinas mayas, pueblos locales, recorridos hist\u00f3ricos.<\/p><\/li><li data-section-id=\"iv8qen\" data-start=\"2043\" data-end=\"2100\"><p data-start=\"2045\" data-end=\"2100\"><strong data-start=\"2045\" data-end=\"2066\">Actividades acu\u00e1ticas:<\/strong> Esn\u00f3rquel, buceo, excursiones en barco.<\/p><\/li><li data-section-id=\"um3rua\" data-start=\"2101\" data-end=\"2172\"><p data-start=\"2103\" data-end=\"2172\"><strong data-start=\"2103\" data-end=\"2125\">Naturaleza y vida silvestre:<\/strong> Reservas de la biosfera, excursiones por la selva, ecoturismo.<\/p><\/li><\/ul>\t\t\t\t\t\t\t\t<\/div>\n\t\t\t\t<\/div>\n\t\t\t\t\t<\/div>\n\t\t<\/div>\n\t\t\t\t\t<\/div>\n\t\t<\/section>\n\t\t\t\t<section class=\"elementor-section elementor-top-section elementor-element elementor-element-94edf5e elementor-section-boxed elementor-section-height-default elementor-section-height-default\" data-id=\"94edf5e\" data-element_type=\"section\" data-e-type=\"section\">\n\t\t\t\t\t\t<div class=\"elementor-container elementor-column-gap-default\">\n\t\t\t\t\t<div class=\"elementor-column elementor-col-100 elementor-top-column elementor-element elementor-element-ddd4740\" data-id=\"ddd4740\" data-element_type=\"column\" data-e-type=\"column\">\n\t\t\t<div class=\"elementor-widget-wrap elementor-element-populated\">\n\t\t\t\t\t\t<div class=\"elementor-element elementor-element-748ad3b elementor-widget elementor-widget-heading\" data-id=\"748ad3b\" data-element_type=\"widget\" data-e-type=\"widget\" data-widget_type=\"heading.default\">\n\t\t\t\t<div class=\"elementor-widget-container\">\n\t\t\t\t\t<h2 class=\"elementor-heading-title elementor-size-default\">Preguntas frecuentes<\/h2>\t\t\t\t<\/div>\n\t\t\t\t<\/div>\n\t\t\t\t\t<\/div>\n\t\t<\/div>\n\t\t\t\t\t<\/div>\n\t\t<\/section>\n\t\t\t\t<section class=\"elementor-section elementor-top-section elementor-element elementor-element-713d8ed elementor-section-boxed elementor-section-height-default elementor-section-height-default\" data-id=\"713d8ed\" data-element_type=\"section\" data-e-type=\"section\">\n\t\t\t\t\t\t<div class=\"elementor-container elementor-column-gap-default\">\n\t\t\t\t\t<div class=\"elementor-column elementor-col-100 elementor-top-column elementor-element elementor-element-1dfbf7a\" data-id=\"1dfbf7a\" data-element_type=\"column\" data-e-type=\"column\">\n\t\t\t<div class=\"elementor-widget-wrap elementor-element-populated\">\n\t\t\t\t\t\t<div class=\"elementor-element elementor-element-1c61881 elementor-widget elementor-widget-text-editor\" data-id=\"1c61881\" data-element_type=\"widget\" data-e-type=\"widget\" data-widget_type=\"text-editor.default\">\n\t\t\t\t<div class=\"elementor-widget-container\">\n\t\t\t\t\t\t\t\t\t<p data-start=\"2414\" data-end=\"2532\"><strong data-start=\"2414\" data-end=\"2420\">P:<\/strong> \u00bfNecesito traer algo?<br data-start=\"2449\" data-end=\"2452\" \/><strong data-start=\"2452\" data-end=\"2458\">A:<\/strong> Ropa c\u00f3moda, protector solar, sombrero y traje de ba\u00f1o para actividades acu\u00e1ticas.<\/p><p data-start=\"2534\" data-end=\"2671\"><strong data-start=\"2534\" data-end=\"2540\">P:<\/strong> \u00bfSon las visitas guiadas aptas para ni\u00f1os?<br data-start=\"2568\" data-end=\"2571\" \/><strong data-start=\"2571\" data-end=\"2577\">A:<\/strong> La mayor\u00eda de las excursiones son aptas para ni\u00f1os; algunas actividades de aventura tienen restricciones de edad.<\/p><p data-start=\"2673\" data-end=\"2781\"><strong data-start=\"2673\" data-end=\"2679\">P:<\/strong> \u00bfC\u00f3mo reservo?<br data-start=\"2694\" data-end=\"2697\" \/><strong data-start=\"2697\" data-end=\"2703\">A:<\/strong> Haz clic en el bot\u00f3n &quot;Reservar ahora&quot;, selecciona tu tour y reserva tu plaza online.<\/p>\t\t\t\t\t\t\t\t<\/div>\n\t\t\t\t<\/div>\n\t\t\t\t\t<\/div>\n\t\t<\/div>\n\t\t\t\t\t<\/div>\n\t\t<\/section>\n\t\t\t\t<section class=\"elementor-section elementor-top-section elementor-element elementor-element-de8128e elementor-section-boxed elementor-section-height-default elementor-section-height-default\" data-id=\"de8128e\" data-element_type=\"section\" data-e-type=\"section\">\n\t\t\t\t\t\t<div class=\"elementor-container elementor-column-gap-default\">\n\t\t\t\t\t<div class=\"elementor-column elementor-col-100 elementor-top-column elementor-element elementor-element-6a08965\" data-id=\"6a08965\" data-element_type=\"column\" data-e-type=\"column\">\n\t\t\t<div class=\"elementor-widget-wrap elementor-element-populated\">\n\t\t\t\t\t\t<div class=\"elementor-element elementor-element-2d8d699 elementor-widget elementor-widget-spacer\" data-id=\"2d8d699\" data-element_type=\"widget\" data-e-type=\"widget\" data-widget_type=\"spacer.default\">\n\t\t\t\t<div class=\"elementor-widget-container\">\n\t\t\t\t\t\t\t<div class=\"elementor-spacer\">\n\t\t\t<div class=\"elementor-spacer-inner\"><\/div>\n\t\t<\/div>\n\t\t\t\t\t\t<\/div>\n\t\t\t\t<\/div>\n\t\t\t\t\t<\/div>\n\t\t<\/div>\n\t\t\t\t\t<\/div>\n\t\t<\/section>\n\t\t\t\t<section class=\"elementor-section elementor-top-section elementor-element elementor-element-a514c9e elementor-section-boxed elementor-section-height-default elementor-section-height-default\" data-id=\"a514c9e\" data-element_type=\"section\" data-e-type=\"section\">\n\t\t\t\t\t\t<div class=\"elementor-container elementor-column-gap-default\">\n\t\t\t\t\t<div class=\"elementor-column elementor-col-100 elementor-top-column elementor-element elementor-element-1889ee0\" data-id=\"1889ee0\" data-element_type=\"column\" data-e-type=\"column\">\n\t\t\t<div class=\"elementor-widget-wrap elementor-element-populated\">\n\t\t\t\t\t\t<div class=\"elementor-element elementor-element-848c6cc elementor-widget elementor-widget-text-editor\" data-id=\"848c6cc\" data-element_type=\"widget\" data-e-type=\"widget\" data-widget_type=\"text-editor.default\">\n\t\t\t\t<div class=\"elementor-widget-container\">\n\t\t\t\t\t\t\t\t\t<p>\u00bfNo encuentras lo que buscas? Puedes escribirnos a <a href=\"mailto:info@rivieramayahotspots.com\">info@rivieramayahotspots.com<\/a> \u00a0<\/p>\t\t\t\t\t\t\t\t<\/div>\n\t\t\t\t<\/div>\n\t\t\t\t\t<\/div>\n\t\t<\/div>\n\t\t\t\t\t<\/div>\n\t\t<\/section>\n\t\t\t\t<\/div>","protected":false},"excerpt":{"rendered":"<p>Explore Riviera Maya \u2014 Your Adventure Starts Here From pristine beaches to ancient Mayan ruins, discover curated tours for every traveler. Why Book With Us Local Expertise: Guides with in-depth knowledge of Riviera Maya. All-Inclusive: Transport, entrance fees, and equipment included for most tours. Flexible Options: Half-day, full-day, or multi-day tours available. Safe &amp; Reliable: [&hellip;]<\/p>\n","protected":false},"author":1,"featured_media":0,"parent":0,"menu_order":0,"comment_status":"closed","ping_status":"closed","template":"","meta":{"footnotes":""},"class_list":["post-4278","page","type-page","status-publish","hentry"],"yoast_head":"<!-- This site is optimized with the Yoast SEO plugin v27.4 - https:\/\/yoast.com\/product\/yoast-seo-wordpress\/ -->\n<title>Tours &amp; Experiences in Riviera Maya - RiveraMayaHotSpots<\/title>\n<meta name=\"description\" content=\"Discover the best Riviera Maya tours and excursions. Book cenotes, ruins, snorkeling, and adventures in Canc\u00fan, Tulum &amp; beyond.\" \/>\n<meta name=\"robots\" content=\"index, follow, max-snippet:-1, max-image-preview:large, max-video-preview:-1\" \/>\n<link rel=\"canonical\" href=\"https:\/\/rivieramayahotspots.com\/es\/tours-y-experiencias-en-la-riviera-maya\/\" \/>\n<meta property=\"og:locale\" content=\"es_ES\" \/>\n<meta property=\"og:type\" content=\"article\" \/>\n<meta property=\"og:title\" content=\"Tours &amp; Experiences in Riviera Maya - RiveraMayaHotSpots\" \/>\n<meta property=\"og:description\" content=\"Discover the best Riviera Maya tours and excursions. Book cenotes, ruins, snorkeling, and adventures in Canc\u00fan, Tulum &amp; beyond.\" \/>\n<meta property=\"og:url\" content=\"https:\/\/rivieramayahotspots.com\/es\/tours-y-experiencias-en-la-riviera-maya\/\" \/>\n<meta property=\"og:site_name\" content=\"RiveraMayaHotSpots\" \/>\n<meta property=\"article:modified_time\" content=\"2026-03-07T00:32:17+00:00\" \/>\n<meta name=\"twitter:card\" content=\"summary_large_image\" \/>\n<meta name=\"twitter:label1\" content=\"Tiempo de lectura\" \/>\n\t<meta name=\"twitter:data1\" content=\"1 minuto\" \/>\n<script type=\"application\/ld+json\" class=\"yoast-schema-graph\">{\"@context\":\"https:\\\/\\\/schema.org\",\"@graph\":[{\"@type\":\"WebPage\",\"@id\":\"https:\\\/\\\/rivieramayahotspots.com\\\/tours-and-experiences-in-riviera-maya\\\/\",\"url\":\"https:\\\/\\\/rivieramayahotspots.com\\\/tours-and-experiences-in-riviera-maya\\\/\",\"name\":\"Tours &amp; Experiences in Riviera Maya - RiveraMayaHotSpots\",\"isPartOf\":{\"@id\":\"https:\\\/\\\/blue-manatee-729947.hostingersite.com\\\/#website\"},\"datePublished\":\"2025-12-19T17:19:55+00:00\",\"dateModified\":\"2026-03-07T00:32:17+00:00\",\"description\":\"Discover the best Riviera Maya tours and excursions. Book cenotes, ruins, snorkeling, and adventures in Canc\u00fan, Tulum & beyond.\",\"breadcrumb\":{\"@id\":\"https:\\\/\\\/rivieramayahotspots.com\\\/tours-and-experiences-in-riviera-maya\\\/#breadcrumb\"},\"inLanguage\":\"es\",\"potentialAction\":[{\"@type\":\"ReadAction\",\"target\":[\"https:\\\/\\\/rivieramayahotspots.com\\\/tours-and-experiences-in-riviera-maya\\\/\"]}]},{\"@type\":\"BreadcrumbList\",\"@id\":\"https:\\\/\\\/rivieramayahotspots.com\\\/tours-and-experiences-in-riviera-maya\\\/#breadcrumb\",\"itemListElement\":[{\"@type\":\"ListItem\",\"position\":1,\"name\":\"Home\",\"item\":\"https:\\\/\\\/rivieramayahotspots.com\\\/\"},{\"@type\":\"ListItem\",\"position\":2,\"name\":\"Tours &amp; Experiences in Riviera Maya\"}]},{\"@type\":\"WebSite\",\"@id\":\"https:\\\/\\\/blue-manatee-729947.hostingersite.com\\\/#website\",\"url\":\"https:\\\/\\\/blue-manatee-729947.hostingersite.com\\\/\",\"name\":\"RiveraMayaHotSpots\",\"description\":\"The #1 Guide\",\"potentialAction\":[{\"@type\":\"SearchAction\",\"target\":{\"@type\":\"EntryPoint\",\"urlTemplate\":\"https:\\\/\\\/blue-manatee-729947.hostingersite.com\\\/?s={search_term_string}\"},\"query-input\":{\"@type\":\"PropertyValueSpecification\",\"valueRequired\":true,\"valueName\":\"search_term_string\"}}],\"inLanguage\":\"es\"}]}<\/script>\n<!-- \/ Yoast SEO plugin. -->","yoast_head_json":{"title":"Tours y experiencias en la Riviera Maya - RiveraMayaHotSpots","description":"Descubre los mejores tours y excursiones en la Riviera Maya. Reserva cenotes, ruinas, snorkel y aventuras en Canc\u00fan, Tulum y m\u00e1s all\u00e1.","robots":{"index":"index","follow":"follow","max-snippet":"max-snippet:-1","max-image-preview":"max-image-preview:large","max-video-preview":"max-video-preview:-1"},"canonical":"https:\/\/rivieramayahotspots.com\/es\/tours-y-experiencias-en-la-riviera-maya\/","og_locale":"es_ES","og_type":"article","og_title":"Tours &amp; Experiences in Riviera Maya - RiveraMayaHotSpots","og_description":"Discover the best Riviera Maya tours and excursions. Book cenotes, ruins, snorkeling, and adventures in Canc\u00fan, Tulum & beyond.","og_url":"https:\/\/rivieramayahotspots.com\/es\/tours-y-experiencias-en-la-riviera-maya\/","og_site_name":"RiveraMayaHotSpots","article_modified_time":"2026-03-07T00:32:17+00:00","twitter_card":"summary_large_image","twitter_misc":{"Tiempo de lectura":"1 minuto"},"schema":{"@context":"https:\/\/schema.org","@graph":[{"@type":"WebPage","@id":"https:\/\/rivieramayahotspots.com\/tours-and-experiences-in-riviera-maya\/","url":"https:\/\/rivieramayahotspots.com\/tours-and-experiences-in-riviera-maya\/","name":"Tours y experiencias en la Riviera Maya - RiveraMayaHotSpots","isPartOf":{"@id":"https:\/\/blue-manatee-729947.hostingersite.com\/#website"},"datePublished":"2025-12-19T17:19:55+00:00","dateModified":"2026-03-07T00:32:17+00:00","description":"Descubre los mejores tours y excursiones en la Riviera Maya. Reserva cenotes, ruinas, snorkel y aventuras en Canc\u00fan, Tulum y m\u00e1s all\u00e1.","breadcrumb":{"@id":"https:\/\/rivieramayahotspots.com\/tours-and-experiences-in-riviera-maya\/#breadcrumb"},"inLanguage":"es","potentialAction":[{"@type":"ReadAction","target":["https:\/\/rivieramayahotspots.com\/tours-and-experiences-in-riviera-maya\/"]}]},{"@type":"BreadcrumbList","@id":"https:\/\/rivieramayahotspots.com\/tours-and-experiences-in-riviera-maya\/#breadcrumb","itemListElement":[{"@type":"ListItem","position":1,"name":"Home","item":"https:\/\/rivieramayahotspots.com\/"},{"@type":"ListItem","position":2,"name":"Tours &amp; Experiences in Riviera Maya"}]},{"@type":"WebSite","@id":"https:\/\/blue-manatee-729947.hostingersite.com\/#website","url":"https:\/\/blue-manatee-729947.hostingersite.com\/","name":"Puntos de inter\u00e9s de RiveraMaya","description":"La gu\u00eda #1","potentialAction":[{"@type":"SearchAction","target":{"@type":"EntryPoint","urlTemplate":"https:\/\/blue-manatee-729947.hostingersite.com\/?s={search_term_string}"},"query-input":{"@type":"PropertyValueSpecification","valueRequired":true,"valueName":"search_term_string"}}],"inLanguage":"es"}]}},"_links":{"self":[{"href":"https:\/\/rivieramayahotspots.com\/es\/wp-json\/wp\/v2\/pages\/4278","targetHints":{"allow":["GET"]}}],"collection":[{"href":"https:\/\/rivieramayahotspots.com\/es\/wp-json\/wp\/v2\/pages"}],"about":[{"href":"https:\/\/rivieramayahotspots.com\/es\/wp-json\/wp\/v2\/types\/page"}],"author":[{"embeddable":true,"href":"https:\/\/rivieramayahotspots.com\/es\/wp-json\/wp\/v2\/users\/1"}],"replies":[{"embeddable":true,"href":"https:\/\/rivieramayahotspots.com\/es\/wp-json\/wp\/v2\/comments?post=4278"}],"version-history":[{"count":38,"href":"https:\/\/rivieramayahotspots.com\/es\/wp-json\/wp\/v2\/pages\/4278\/revisions"}],"predecessor-version":[{"id":12853,"href":"https:\/\/rivieramayahotspots.com\/es\/wp-json\/wp\/v2\/pages\/4278\/revisions\/12853"}],"wp:attachment":[{"href":"https:\/\/rivieramayahotspots.com\/es\/wp-json\/wp\/v2\/media?parent=4278"}],"curies":[{"name":"wp","href":"https:\/\/api.w.org\/{rel}","templated":true}]}}