{"id":104,"date":"2018-11-02T10:41:38","date_gmt":"2018-11-02T10:41:38","guid":{"rendered":"http:\/\/listeo.wpengine.com\/?page_id=44"},"modified":"2025-12-18T15:18:16","modified_gmt":"2025-12-18T20:18:16","slug":"anadir-listado","status":"publish","type":"page","link":"https:\/\/rivieramayahotspots.com\/es\/anadir-listado\/","title":{"rendered":"Agregar listado"},"content":{"rendered":"<!-- <div class=\"notification notice large margin-bottom-55\">\r\n\t<h4>Don&#039;t Have an Account?<\/h4>\r\n\t<p>If you don&#039;t have an account please register using form below. A password will be automatically emailed to you.<\/p>\r\n<\/div> --><ul class=\"tabs-nav\">\n\t<li id=\"listeo-logintab-btn\" class=\"\"><a href=\"#tab1\">Log In<\/a><\/li>\n\t<li id=\"listeo-registration-btn\"><a href=\"#tab2\">Register<\/a><\/li>\n<\/ul>\n\n<div class=\"tabs-container alt\">\n\n\t<!-- Login -->\n\t<div class=\"tab-content\" id=\"tab1\" style=\"display: none;\">\n\t\t\t\t\t\t<form method=\"post\" id=\"login\" class=\"login\" action=\"https:\/\/rivieramayahotspots.com\/wp-login.php\">\n\t\t\t\t\n\t\t\t\t\t\t\t\t<p class=\"form-row form-row-wide\">\n\t\t\t\t\t<label for=\"user_login\">\n\t\t\t\t\t\t<i class=\"sl sl-icon-user\"><\/i>\n\t\t\t\t\t\t<input placeholder=\"Username\/Email\" type=\"text\" class=\"input-text\" name=\"log\" id=\"user_login\" value=\"\" \/>\n\t\t\t\t\t<\/label>\n\t\t\t\t<\/p>\n\n\n\t\t\t\t<p class=\"form-row form-row-wide\">\n\t\t\t\t\t<label for=\"user_pass\">\n\t\t\t\t\t\t<i class=\"sl sl-icon-lock\"><\/i>\n\t\t\t\t\t\t<input placeholder=\"Password\" class=\"input-text\" type=\"password\" name=\"pwd\" id=\"user_pass\" \/>\n\n\t\t\t\t\t<\/label>\n\t\t\t\t\t<span class=\"lost_password\">\n\t\t\t\t\t\t<a href=\"https:\/\/rivieramayahotspots.com\/wp-login.php?action=lostpassword\">Lost Your Password?<\/a>\n\t\t\t\t\t<\/span>\n\t\t\t\t<\/p>\n\n\t\t\t\t<div class=\"form-row\">\n\t\t\t\t\t<input type=\"hidden\" id=\"login_security\" name=\"login_security\" value=\"03c8752e2a\" \/><input type=\"hidden\" name=\"_wp_http_referer\" value=\"\/es\/wp-json\/wp\/v2\/pages\/104\" \/>\t\t\t\t\t<input type=\"submit\" class=\"button border margin-top-5\" name=\"login\" value=\"Login\" \/>\n\t\t\t\t\t<div class=\"checkboxes margin-top-10\">\n\t\t\t\t\t\t<input name=\"rememberme\" type=\"checkbox\" id=\"remember-me\" value=\"forever\" \/>\n\t\t\t\t\t\t<label for=\"remember-me\">Remember Me<\/label>\n\n\t\t\t\t\t<\/div>\n\t\t\t\t<\/div>\n\t\t\t\t<div class=\"notification error closeable\" style=\"display: none; margin-top: 20px; margin-bottom: 0px;\">\n\t\t\t\t\t<p><\/p>\n\t\t\t\t<\/div>\n\t\t\t\t<\/form>\n\t<\/div>\n\n\t<!-- Register -->\n\t<div class=\"tab-content\" id=\"tab2\" style=\"display: none;\">\n\t\t\t\t\t\t\t<form enctype=\"multipart\/form-data\" class=\"register listeo-registration-form\" id=\"register\" action=\"https:\/\/rivieramayahotspots.com\/wp-login.php?action=register\" method=\"post\">\n\t\t\t\t\t\t\t\t\t\t<div class=\"listeo-register-form-fields-container\" data-otp-type=\"\">\n\t\t\t\t\t\t\t\t\t\t\t\t\t\t\t\t\t\t\t<p class=\"form-row form-row-wide\">\n\t\t\t\t\t\t\t\t<label for=\"username2\">\n\t\t\t\t\t\t\t\t\t<i class=\"sl sl-icon-user\"><\/i>\n\t\t\t\t\t\t\t\t\t<input required placeholder=\"Nombre de usuario\" type=\"text\" class=\"input-text\" name=\"username\" id=\"username2\" value=\"\" \/>\n\t\t\t\t\t\t\t\t<\/label>\n\t\t\t\t\t\t\t<\/p>\n\t\t\t\t\t\t\n\t\t\t\t\t\t<p class=\"form-row form-row-wide\">\n\t\t\t\t\t\t\t<label for=\"email\">\n\t\t\t\t\t\t\t\t<i class=\"sl sl-icon-envelope-open\"><\/i>\n\t\t\t\t\t\t\t\t<input required type=\"email\" placeholder=\"Direcci\u00f3n de correo electr\u00f3nico\" class=\"input-text\" name=\"email\" id=\"email\" value=\"\" \/>\n\t\t\t\t\t\t\t<\/label>\n\t\t\t\t\t\t<\/p>\n\n\t\t\t\t\t\t\t\t\t\t\t\t\t<div class=\"password-field-wrapper\">\n\t\t\t\t\t\t\t\t<p class=\"form-row form-row-wide\" id=\"password-row\">\n\t\t\t\t\t\t\t\t\t<label for=\"password1\">\n\t\t\t\t\t\t\t\t\t\t<i class=\"sl sl-icon-lock\"><\/i>\n\t\t\t\t\t\t\t\t\t\t<input required placeholder=\"Password\" class=\"input-text\" type=\"password\" name=\"password\" id=\"password1\" \/>\n\t\t\t\t\t\t\t\t\t\t<span class=\"pwstrength_viewport_progress\"><\/span>\n\t\t\t\t\t\t\t\t\t<\/label>\n\t\t\t\t\t\t\t\t<\/p>\n\t\t\t\t\t\t\t\t\t\t\t\t\t\t\t<\/div>\n\t\t\t\t\t\t\n\t\t\t\t\t\t\t\t\t\t\t\t\t<p class=\"form-row form-row-wide\">\n\t\t\t\t\t\t\t\t<label for=\"first-name\">\n\t\t\t\t\t\t\t\t\t<i class=\"sl sl-icon-pencil\"><\/i>\n\t\t\t\t\t\t\t\t\t<input required placeholder=\"Nombre de pila\" type=\"text\" name=\"first_name\" id=\"first-name\"><\/label>\n\t\t\t\t\t\t\t<\/p>\n\n\t\t\t\t\t\t\t<p class=\"form-row form-row-wide\">\n\t\t\t\t\t\t\t\t<label for=\"last-name\">\n\t\t\t\t\t\t\t\t\t<i class=\"sl sl-icon-pencil\"><\/i>\n\t\t\t\t\t\t\t\t\t<input required placeholder=\"Apellido\" type=\"text\" name=\"last_name\" id=\"last-name\">\n\t\t\t\t\t\t\t\t<\/label>\n\t\t\t\t\t\t\t<\/p>\n\t\t\t\t\t\t\n\t\t\t\t\t\t\n\n\t\t\t\t\t\t<!-- \/\/extra fields -->\n\t\t\t\t\t\t<div id=\"listeo-core-registration-fields\">\n\t\t\t\t\t\t\t\t\t\t<div id=\"listeo-core-registration-owner-fields\">\n\t\t\t\t\t\t\t\t\t<label class=\"field-no-icon listeo-registration-custom-text\" id=\"listeo-registration-custom-phone\" for=\"phone\">\n\n\t\t\t\t\t\t\r\n\r\n<input type=\"text\" \r\n\tclass=\"input-text phone\" \r\n\r\n\tname=\"phone\"\r\n\t \r\n\tid=\"phone\" \r\n\tplaceholder=\"Tel\u00e9fono\" \r\n\tvalue=\"\" \r\n\t\r\n\t\tmaxlength=\"\" \r\n\trequired\t\t\/>\r\n\r\n\n\t\t\t\t\t<\/label>\n\t\t\t\t\t\t\t<\/div>\n\t\t\t\t\t\t\t\t<\/div>\n\n\n\t\t\t\t\t\t<!-- eof custom fields -->\n\n\t\t\t\t\t\t\n\t\t\t\t\t\t\n\t\t\t\t\t\t\t\t\t\t\t\t\n\t\t\t\t\t\t\n\t\t\t\t\t\t\t\t\t\t\t<\/div>\n\t\t\t\t\t\n\t\t\t\t\t<input type=\"hidden\" id=\"register_security\" name=\"register_security\" value=\"03c8752e2a\" \/><input type=\"hidden\" name=\"_wp_http_referer\" value=\"\/es\/wp-json\/wp\/v2\/pages\/104\" \/>\n\t\t\t\t\t\t\t\t\t\t\t<input type=\"submit\" class=\"button border fw margin-top-10\" name=\"register\" value=\"Register\" \/>\n\t\t\t\t\t\t\t\t\t\t<div class=\"notification error closeable\" style=\"display: none;margin-top: 20px; margin-bottom: 0px;\">\n\t\t\t\t\t\t<p><\/p>\n\t\t\t\t\t<\/div>\n\n\t\t\t\t\t<\/form>\n\n\t\t\t\t\t<div class=\"listeo-custom-fields-wrapper\">\n\t\t\t\t\t\t\t\t\t<div id=\"listeo-core-registration-owner-fields\">\n\t\t\t\t\t\t\t\t\t<label class=\"field-no-icon listeo-registration-custom-text\" id=\"listeo-registration-custom-phone\" for=\"phone\">\n\n\t\t\t\t\t\t\r\n\r\n<input type=\"text\" \r\n\tclass=\"input-text phone\" \r\n\r\n\tname=\"phone\"\r\n\t \r\n\tid=\"phone\" \r\n\tplaceholder=\"Tel\u00e9fono\" \r\n\tvalue=\"\" \r\n\t\r\n\t\tmaxlength=\"\" \r\n\trequired\t\t\/>\r\n\r\n\n\t\t\t\t\t<\/label>\n\t\t\t\t\t\t\t<\/div>\n\t\t\t\t\t\t\t\t\t\t\t\t\t<\/div>\n\t\t\t\t\t<\/div>\n\n<\/div>\n\n\n<div class=\"nsl-container nsl-container-block\" data-align=\"left\"><div class=\"nsl-container-buttons\"><a href=\"https:\/\/rivieramayahotspots.com\/es\/sample-page\/?loginSocial=google&#038;redirect=https%3A%2F%2Frivieramayahotspots.com%2Fes%2Fwp-json%2Fwp%2Fv2%2Fpages%2F104\" rel=\"nofollow\" aria-label=\"Continua con &lt;b&gt;Google&lt;\/b&gt;\" data-plugin=\"nsl\" data-action=\"connect\" data-provider=\"google\" data-popupwidth=\"600\" data-popupheight=\"600\" data-e-disable-page-transition=\"1\"><div class=\"nsl-button nsl-button-default nsl-button-google\" data-skin=\"dark\" style=\"background-color:#131314;\"><div class=\"nsl-button-svg-container\"><svg xmlns=\"http:\/\/www.w3.org\/2000\/svg\" width=\"24\" height=\"24\" viewbox=\"0 0 24 24\"><path fill=\"#4285F4\" d=\"M20.64 12.2045c0-.6381-.0573-1.2518-.1636-1.8409H12v3.4814h4.8436c-.2086 1.125-.8427 2.0782-1.7959 2.7164v2.2581h2.9087c1.7018-1.5668 2.6836-3.874 2.6836-6.615z\"><\/path><path fill=\"#34A853\" d=\"M12 21c2.43 0 4.4673-.806 5.9564-2.1805l-2.9087-2.2581c-.8059.54-1.8368.859-3.0477.859-2.344 0-4.3282-1.5831-5.036-3.7104H3.9574v2.3318C5.4382 18.9832 8.4818 21 12 21z\"><\/path><path fill=\"#FBBC05\" d=\"M6.964 13.71c-.18-.54-.2822-1.1168-.2822-1.71s.1023-1.17.2823-1.71V7.9582H3.9573A8.9965 8.9965 0 0 0 3 12c0 1.4523.3477 2.8268.9573 4.0418L6.964 13.71z\"><\/path><path fill=\"#EA4335\" d=\"M12 6.5795c1.3214 0 2.5077.4541 3.4405 1.346l2.5813-2.5814C16.4632 3.8918 14.426 3 12 3 8.4818 3 5.4382 5.0168 3.9573 7.9582L6.964 10.29C7.6718 8.1627 9.6559 6.5795 12 6.5795z\"><\/path><\/svg><\/div><div class=\"nsl-button-label-container\">Continua con <b>Google<\/b><\/div><\/div><\/a><\/div><\/div>","protected":false},"excerpt":{"rendered":"","protected":false},"author":1,"featured_media":0,"parent":0,"menu_order":0,"comment_status":"closed","ping_status":"closed","template":"template-dashboard.php","meta":{"footnotes":""},"class_list":["post-104","page","type-page","status-publish","hentry"],"yoast_head":"<!-- This site is optimized with the Yoast SEO plugin v27.3 - https:\/\/yoast.com\/product\/yoast-seo-wordpress\/ -->\n<title>Add Listing - RiveraMayaHotSpots<\/title>\n<meta name=\"description\" content=\"Professional bilingual nanny with teaching experience, offering loving, creative, and safe childcare for all ages in a nurturing home environment.\" \/>\n<meta name=\"robots\" content=\"index, follow, max-snippet:-1, max-image-preview:large, max-video-preview:-1\" \/>\n<link rel=\"canonical\" href=\"https:\/\/rivieramayahotspots.com\/es\/anadir-listado\/\" \/>\n<meta property=\"og:locale\" content=\"es_ES\" \/>\n<meta property=\"og:type\" content=\"article\" \/>\n<meta property=\"og:title\" content=\"Add Listing - RiveraMayaHotSpots\" \/>\n<meta property=\"og:description\" content=\"Professional bilingual nanny with teaching experience, offering loving, creative, and safe childcare for all ages in a nurturing home environment.\" \/>\n<meta property=\"og:url\" content=\"https:\/\/rivieramayahotspots.com\/es\/anadir-listado\/\" \/>\n<meta property=\"og:site_name\" content=\"RiveraMayaHotSpots\" \/>\n<meta property=\"article:modified_time\" content=\"2025-12-18T20:18:16+00:00\" \/>\n<meta name=\"twitter:card\" content=\"summary_large_image\" \/>\n<meta name=\"twitter:label1\" content=\"Tiempo de lectura\" \/>\n\t<meta name=\"twitter:data1\" content=\"1 minuto\" \/>\n<script type=\"application\/ld+json\" class=\"yoast-schema-graph\">{\"@context\":\"https:\\\/\\\/schema.org\",\"@graph\":[{\"@type\":\"WebPage\",\"@id\":\"https:\\\/\\\/rivieramayahotspots.com\\\/add-listing\\\/\",\"url\":\"https:\\\/\\\/rivieramayahotspots.com\\\/add-listing\\\/\",\"name\":\"Add Listing - RiveraMayaHotSpots\",\"isPartOf\":{\"@id\":\"https:\\\/\\\/blue-manatee-729947.hostingersite.com\\\/#website\"},\"datePublished\":\"2018-11-02T10:41:38+00:00\",\"dateModified\":\"2025-12-18T20:18:16+00:00\",\"description\":\"Professional bilingual nanny with teaching experience, offering loving, creative, and safe childcare for all ages in a nurturing home environment.\",\"breadcrumb\":{\"@id\":\"https:\\\/\\\/rivieramayahotspots.com\\\/add-listing\\\/#breadcrumb\"},\"inLanguage\":\"es\",\"potentialAction\":[{\"@type\":\"ReadAction\",\"target\":[\"https:\\\/\\\/rivieramayahotspots.com\\\/add-listing\\\/\"]}]},{\"@type\":\"BreadcrumbList\",\"@id\":\"https:\\\/\\\/rivieramayahotspots.com\\\/add-listing\\\/#breadcrumb\",\"itemListElement\":[{\"@type\":\"ListItem\",\"position\":1,\"name\":\"Home\",\"item\":\"https:\\\/\\\/rivieramayahotspots.com\\\/\"},{\"@type\":\"ListItem\",\"position\":2,\"name\":\"Add Listing\"}]},{\"@type\":\"WebSite\",\"@id\":\"https:\\\/\\\/blue-manatee-729947.hostingersite.com\\\/#website\",\"url\":\"https:\\\/\\\/blue-manatee-729947.hostingersite.com\\\/\",\"name\":\"RiveraMayaHotSpots\",\"description\":\"The #1 Guide\",\"potentialAction\":[{\"@type\":\"SearchAction\",\"target\":{\"@type\":\"EntryPoint\",\"urlTemplate\":\"https:\\\/\\\/blue-manatee-729947.hostingersite.com\\\/?s={search_term_string}\"},\"query-input\":{\"@type\":\"PropertyValueSpecification\",\"valueRequired\":true,\"valueName\":\"search_term_string\"}}],\"inLanguage\":\"es\"}]}<\/script>\n<!-- \/ Yoast SEO plugin. -->","yoast_head_json":{"title":"A\u00f1adir anuncio - RiveraMayaHotSpots","description":"Ni\u00f1era profesional biling\u00fce con experiencia docente, que ofrece cuidado infantil amoroso, creativo y seguro para todas las edades en un entorno hogare\u00f1o enriquecedor.","robots":{"index":"index","follow":"follow","max-snippet":"max-snippet:-1","max-image-preview":"max-image-preview:large","max-video-preview":"max-video-preview:-1"},"canonical":"https:\/\/rivieramayahotspots.com\/es\/anadir-listado\/","og_locale":"es_ES","og_type":"article","og_title":"Add Listing - RiveraMayaHotSpots","og_description":"Professional bilingual nanny with teaching experience, offering loving, creative, and safe childcare for all ages in a nurturing home environment.","og_url":"https:\/\/rivieramayahotspots.com\/es\/anadir-listado\/","og_site_name":"RiveraMayaHotSpots","article_modified_time":"2025-12-18T20:18:16+00:00","twitter_card":"summary_large_image","twitter_misc":{"Tiempo de lectura":"1 minuto"},"schema":{"@context":"https:\/\/schema.org","@graph":[{"@type":"WebPage","@id":"https:\/\/rivieramayahotspots.com\/add-listing\/","url":"https:\/\/rivieramayahotspots.com\/add-listing\/","name":"A\u00f1adir anuncio - RiveraMayaHotSpots","isPartOf":{"@id":"https:\/\/blue-manatee-729947.hostingersite.com\/#website"},"datePublished":"2018-11-02T10:41:38+00:00","dateModified":"2025-12-18T20:18:16+00:00","description":"Ni\u00f1era profesional biling\u00fce con experiencia docente, que ofrece cuidado infantil amoroso, creativo y seguro para todas las edades en un entorno hogare\u00f1o enriquecedor.","breadcrumb":{"@id":"https:\/\/rivieramayahotspots.com\/add-listing\/#breadcrumb"},"inLanguage":"es","potentialAction":[{"@type":"ReadAction","target":["https:\/\/rivieramayahotspots.com\/add-listing\/"]}]},{"@type":"BreadcrumbList","@id":"https:\/\/rivieramayahotspots.com\/add-listing\/#breadcrumb","itemListElement":[{"@type":"ListItem","position":1,"name":"Home","item":"https:\/\/rivieramayahotspots.com\/"},{"@type":"ListItem","position":2,"name":"Add Listing"}]},{"@type":"WebSite","@id":"https:\/\/blue-manatee-729947.hostingersite.com\/#website","url":"https:\/\/blue-manatee-729947.hostingersite.com\/","name":"Puntos de inter\u00e9s de RiveraMaya","description":"La gu\u00eda #1","potentialAction":[{"@type":"SearchAction","target":{"@type":"EntryPoint","urlTemplate":"https:\/\/blue-manatee-729947.hostingersite.com\/?s={search_term_string}"},"query-input":{"@type":"PropertyValueSpecification","valueRequired":true,"valueName":"search_term_string"}}],"inLanguage":"es"}]}},"_links":{"self":[{"href":"https:\/\/rivieramayahotspots.com\/es\/wp-json\/wp\/v2\/pages\/104","targetHints":{"allow":["GET"]}}],"collection":[{"href":"https:\/\/rivieramayahotspots.com\/es\/wp-json\/wp\/v2\/pages"}],"about":[{"href":"https:\/\/rivieramayahotspots.com\/es\/wp-json\/wp\/v2\/types\/page"}],"author":[{"embeddable":true,"href":"https:\/\/rivieramayahotspots.com\/es\/wp-json\/wp\/v2\/users\/1"}],"replies":[{"embeddable":true,"href":"https:\/\/rivieramayahotspots.com\/es\/wp-json\/wp\/v2\/comments?post=104"}],"version-history":[{"count":1,"href":"https:\/\/rivieramayahotspots.com\/es\/wp-json\/wp\/v2\/pages\/104\/revisions"}],"predecessor-version":[{"id":4041,"href":"https:\/\/rivieramayahotspots.com\/es\/wp-json\/wp\/v2\/pages\/104\/revisions\/4041"}],"wp:attachment":[{"href":"https:\/\/rivieramayahotspots.com\/es\/wp-json\/wp\/v2\/media?parent=104"}],"curies":[{"name":"wp","href":"https:\/\/api.w.org\/{rel}","templated":true}]}}